{"id":1478,"date":"2021-12-17T09:49:17","date_gmt":"2021-12-17T09:49:17","guid":{"rendered":"https:\/\/hardcore-cohen.138-201-118-114.plesk.page\/s7-sports-driver-course\/"},"modified":"2022-08-18T15:19:14","modified_gmt":"2022-08-18T15:19:14","slug":"s7-sports-driver-course","status":"publish","type":"page","link":"https:\/\/scuderia-s7.com\/en\/s7-sports-driver-course\/","title":{"rendered":"S7 sports driver course"},"content":{"rendered":"<p>[et_pb_section fb_built=&#8221;1&#8243; fullwidth=&#8221;on&#8221; _builder_version=&#8221;4.15&#8243; _module_preset=&#8221;default&#8221; custom_margin=&#8221;-35px||||false|false&#8221; custom_margin_tablet=&#8221;&#8221; custom_margin_phone=&#8221;-200px||||false|false&#8221; custom_margin_last_edited=&#8221;on|phone&#8221; bottom_divider_style=&#8221;asymmetric2&#8243; bottom_divider_color=&#8221;#FFFFFF&#8221; bottom_divider_height=&#8221;70px&#8221; locked=&#8221;off&#8221; global_colors_info=&#8221;{}&#8221;][et_pb_fullwidth_header _builder_version=&#8221;4.15&#8243; _module_preset=&#8221;default&#8221; title_font=&#8221;||on|on|||||&#8221; title_text_align=&#8221;left&#8221; title_text_color=&#8221;#000000&#8243; background_enable_color=&#8221;off&#8221; background_image=&#8221;https:\/\/scuderia-s7.com\/wp-content\/uploads\/2021\/12\/20210902-SB19265-ScuderiaS7_Easy-Resize.com_.jpg&#8221; min_height=&#8221;500px&#8221; custom_margin=&#8221;||||false|false&#8221; custom_margin_tablet=&#8221;&#8221; custom_margin_phone=&#8221;||||false|false&#8221; custom_margin_last_edited=&#8221;on|phone&#8221; custom_padding=&#8221;||||false|false&#8221; hover_transition_duration=&#8221;700ms&#8221; hover_transition_delay=&#8221;50ms&#8221; title_font_size_tablet=&#8221;&#8221; title_font_size_phone=&#8221;18px&#8221; title_font_size_last_edited=&#8221;on|phone&#8221; global_colors_info=&#8221;{}&#8221;][\/et_pb_fullwidth_header][\/et_pb_section][et_pb_section fb_built=&#8221;1&#8243; custom_padding_last_edited=&#8221;on|phone&#8221; disabled_on=&#8221;off|off|off&#8221; admin_label=&#8221;About Us&#8221; _builder_version=&#8221;4.15&#8243; custom_padding=&#8221;120px|0px||0px|false|false&#8221; custom_padding_tablet=&#8221;&#8221; custom_padding_phone=&#8221;20px|0px||0px|false|false&#8221; top_divider_color=&#8221;#000000&#8243; locked=&#8221;off&#8221; global_colors_info=&#8221;{}&#8221;][et_pb_row _builder_version=&#8221;4.15&#8243; max_width=&#8221;960px&#8221; module_alignment=&#8221;center&#8221; use_custom_width=&#8221;on&#8221; custom_width_px=&#8221;960px&#8221; locked=&#8221;off&#8221; global_colors_info=&#8221;{}&#8221;][et_pb_column type=&#8221;4_4&#8243; _builder_version=&#8221;4.15&#8243; custom_padding=&#8221;|||&#8221; global_colors_info=&#8221;{}&#8221; custom_padding__hover=&#8221;|||&#8221;][et_pb_text admin_label=&#8221;Title&#8221; _builder_version=&#8221;4.15&#8243; text_font=&#8221;Lato||||||||&#8221; text_font_size=&#8221;20px&#8221; text_line_height=&#8221;1.8em&#8221; header_font=&#8221;||||||||&#8221; header_2_font=&#8221;Teko||||||||&#8221; header_2_font_size=&#8221;96px&#8221; text_orientation=&#8221;center&#8221; max_width=&#8221;750px&#8221; module_alignment=&#8221;center&#8221; custom_margin=&#8221;|||&#8221; header_2_font_size_tablet=&#8221;66px&#8221; header_2_font_size_phone=&#8221;36px&#8221; header_2_font_size_last_edited=&#8221;on|phone&#8221; global_colors_info=&#8221;{}&#8221;]<\/p>\n<h2>Your personal adventure in the green hell<\/h2>\n<p>Sporty, ambitious drivers who want to improve their driving technique and driving safety on the Nordschleife will get their money&#8217;s worth here.<\/p>\n<p>[\/et_pb_text][\/et_pb_column][\/et_pb_row][\/et_pb_section][et_pb_section fb_built=&#8221;1&#8243; custom_padding_last_edited=&#8221;on|phone&#8221; prev_background_color=&#8221;#ffffff&#8221; next_background_color=&#8221;#ffffff&#8221; admin_label=&#8221;Our History&#8221; _builder_version=&#8221;4.15&#8243; background_color=&#8221;#aa0019&#8243; background_enable_image=&#8221;off&#8221; background_blend=&#8221;darken&#8221; custom_padding=&#8221;180px||0px||false|false&#8221; custom_padding_tablet=&#8221;|||&#8221; custom_padding_phone=&#8221;100px|||&#8221; top_divider_style=&#8221;arrow&#8221; top_divider_height_tablet=&#8221;&#8221; top_divider_height_phone=&#8221;50px&#8221; top_divider_height_last_edited=&#8221;on|phone&#8221; bottom_divider_style=&#8221;arrow&#8221; box_shadow_style=&#8221;preset7&#8243; box_shadow_horizontal=&#8221;0px&#8221; box_shadow_vertical=&#8221;-150px&#8221; box_shadow_color=&#8221;#ffffff&#8221; locked=&#8221;off&#8221; global_colors_info=&#8221;{}&#8221;][et_pb_row column_structure=&#8221;1_2,1_2&#8243; custom_padding_last_edited=&#8221;on|phone&#8221; _builder_version=&#8221;4.15&#8243; background_color=&#8221;#f7f7f7&#8243; module_alignment=&#8221;center&#8221; custom_margin=&#8221;0px|||&#8221; custom_padding=&#8221;|5%|80px|5%|false|true&#8221; custom_padding_tablet=&#8221;||||false|true&#8221; custom_padding_phone=&#8221;||||false|true&#8221; use_custom_width=&#8221;on&#8221; locked=&#8221;off&#8221; global_colors_info=&#8221;{}&#8221;][et_pb_column type=&#8221;1_2&#8243; _builder_version=&#8221;4.15&#8243; custom_padding=&#8221;|||&#8221; global_colors_info=&#8221;{}&#8221; custom_padding__hover=&#8221;|||&#8221;][et_pb_text _builder_version=&#8221;4.15&#8243; _module_preset=&#8221;default&#8221; header_2_font=&#8221;Teko||||||||&#8221; header_2_text_align=&#8221;center&#8221; header_2_font_size=&#8221;96px&#8221; custom_margin=&#8221;15px||15px||false|false&#8221; custom_padding=&#8221;||10px||false|false&#8221; custom_padding_tablet=&#8221;||20px||false|false&#8221; custom_padding_phone=&#8221;||20px||false|false&#8221; custom_padding_last_edited=&#8221;on|desktop&#8221; header_2_text_align_tablet=&#8221;center&#8221; header_2_text_align_phone=&#8221;center&#8221; header_2_text_align_last_edited=&#8221;on|phone&#8221; header_2_font_size_tablet=&#8221;66px&#8221; header_2_font_size_phone=&#8221;36px&#8221; header_2_font_size_last_edited=&#8221;on|phone&#8221; locked=&#8221;off&#8221; global_colors_info=&#8221;{}&#8221;]<\/p>\n<h2>Track Day<\/h2>\n<p>[\/et_pb_text][dsm_icon_list icon_padding=&#8221;2px&#8221; icon_font_size=&#8221;24px&#8221; list_space_between=&#8221;15px&#8221; text_indent=&#8221;10px&#8221; _builder_version=&#8221;4.14.7&#8243; _module_preset=&#8221;default&#8221; text_font=&#8221;Lato||||||||&#8221; text_font_size=&#8221;18px&#8221; text_line_height=&#8221;1.8em&#8221; custom_margin=&#8221;30px||||false|false&#8221; locked=&#8221;off&#8221; global_colors_info=&#8221;{}&#8221;][dsm_icon_list_child text=&#8221;The maximum of 100 participants are divided into small groups of 6 people and max. 7 sections.&#8221; icon_color=&#8221;#E02B20&#8243; icon_padding=&#8221;2px&#8221; icon_font_size=&#8221;20px&#8221; _builder_version=&#8221;4.14.7&#8243; _module_preset=&#8221;default&#8221; text_font=&#8221;||||||||&#8221; text_text_color=&#8221;#000000&#8243; text_font_size=&#8221;19px&#8221; text_line_height=&#8221;1.2em&#8221; custom_margin=&#8221;-36px||||false|false&#8221; custom_padding=&#8221;||48px||false|false&#8221; global_colors_info=&#8221;{}&#8221;][\/dsm_icon_list_child][dsm_icon_list_child text=&#8221;  With section training, free driving, guided driving and a final exam, the two days will gives you 16h driving time and approx. 800km &#8211; 1,300km.  &#8221; icon_color=&#8221;#E02B20&#8243; icon_padding=&#8221;2px&#8221; icon_font_size=&#8221;20px&#8221; _builder_version=&#8221;4.14.7&#8243; _module_preset=&#8221;default&#8221; text_text_color=&#8221;#000000&#8243; text_font_size=&#8221;19px&#8221; text_line_height=&#8221;1.2em&#8221; custom_margin=&#8221;-36px||||false|false&#8221; custom_padding=&#8221;||48px||false|false&#8221; global_colors_info=&#8221;{}&#8221;][\/dsm_icon_list_child][dsm_icon_list_child text=&#8221;From rookie to expert &#8211; we have the right group for you.  &#8221; icon_color=&#8221;#E02B20&#8243; icon_padding=&#8221;2px&#8221; icon_font_size=&#8221;20px&#8221; _builder_version=&#8221;4.14.7&#8243; _module_preset=&#8221;default&#8221; text_text_color=&#8221;#000000&#8243; text_font_size=&#8221;19px&#8221; text_line_height=&#8221;1.2em&#8221; custom_margin=&#8221;-36px||||false|false&#8221; custom_padding=&#8221;||48px||false|false&#8221; global_colors_info=&#8221;{}&#8221;][\/dsm_icon_list_child][dsm_icon_list_child text=&#8221;The groups are divided according to driving ability and circle of friends. Switching is usually not a problem.   &#8221; icon_color=&#8221;#E02B20&#8243; icon_padding=&#8221;2px&#8221; icon_font_size=&#8221;20px&#8221; _builder_version=&#8221;4.14.7&#8243; _module_preset=&#8221;default&#8221; text_text_color=&#8221;#000000&#8243; text_font_size=&#8221;19px&#8221; text_line_height=&#8221;1.2em&#8221; custom_margin=&#8221;-36px||||false|false&#8221; custom_padding=&#8221;||20px||false|false&#8221; custom_padding_tablet=&#8221;||20px||false|false&#8221; custom_padding_phone=&#8221;||20px||false|false&#8221; custom_padding_last_edited=&#8221;on|phone&#8221; global_colors_info=&#8221;{}&#8221;][\/dsm_icon_list_child][\/dsm_icon_list][dsm_image_carousel gallery_ids=&#8221;1089,1095,1053&#8243; sizes=&#8221;medium&#8221; slide_to_show=&#8221;3&#8243; speed=&#8221;400&#8243; autoplay_speed=&#8221;8000&#8243; dots=&#8221;off&#8221; show_lightbox=&#8221;on&#8221; show_lightbox_gallery=&#8221;on&#8221; slide_to_show_tablet=&#8221;3&#8243; slide_to_show_phone=&#8221;1&#8243; slide_to_show_last_edited=&#8221;on|tablet&#8221; _builder_version=&#8221;4.14.7&#8243; _module_preset=&#8221;default&#8221; custom_margin=&#8221;0px||0px||false|false&#8221; custom_padding=&#8221;0px||0px||false|false&#8221; locked=&#8221;off&#8221; global_colors_info=&#8221;{}&#8221;][\/dsm_image_carousel][\/et_pb_column][et_pb_column type=&#8221;1_2&#8243; _builder_version=&#8221;4.15&#8243; custom_padding=&#8221;|||&#8221; global_colors_info=&#8221;{}&#8221; custom_padding__hover=&#8221;|||&#8221;][et_pb_text admin_label=&#8221;Title&#8221; _builder_version=&#8221;4.15.1&#8243; text_font=&#8221;Lato||||||||&#8221; text_font_size=&#8221;18px&#8221; text_line_height=&#8221;1.8em&#8221; header_font=&#8221;||||||||&#8221; header_2_font=&#8221;Teko||||||||&#8221; header_2_font_size=&#8221;96px&#8221; background_color=&#8221;RGBA(255,255,255,0)&#8221; max_width=&#8221;700px&#8221; module_alignment=&#8221;center&#8221; custom_margin=&#8221;120px||0px||false|false&#8221; custom_margin_tablet=&#8221;0px||||false|false&#8221; custom_margin_phone=&#8221;0px||||false|false&#8221; custom_margin_last_edited=&#8221;on|desktop&#8221; header_2_font_size_tablet=&#8221;66px&#8221; header_2_font_size_phone=&#8221;36px&#8221; header_2_font_size_last_edited=&#8221;on|phone&#8221; locked=&#8221;off&#8221; global_colors_info=&#8221;{}&#8221;]<\/p>\n<p>The small groups enable individual coaching.<br \/>In the sections, the instructor first drives ahead and the participants&#8217; vehicles follow.<br \/>Here you can ride in front of and behind the instructor. This gives you valuable tips for braking and turning points.<\/p>\n<p>You will receive more detailed information when you <a style=\"color: #e02b20;\" href=\"\/en\/here\/\" rel=\"noopener\">register<\/a> or on request.<\/p>\n<p>[\/et_pb_text][\/et_pb_column][\/et_pb_row][\/et_pb_section][et_pb_section fb_built=&#8221;1&#8243; admin_label=&#8221;Statistics&#8221; _builder_version=&#8221;4.15&#8243; custom_padding=&#8221;|||&#8221; locked=&#8221;off&#8221; global_colors_info=&#8221;{}&#8221;][et_pb_row column_structure=&#8221;1_3,1_3,1_3&#8243; _builder_version=&#8221;4.15&#8243; global_colors_info=&#8221;{}&#8221;][et_pb_column type=&#8221;1_3&#8243; _builder_version=&#8221;4.15&#8243; custom_padding=&#8221;|||&#8221; global_colors_info=&#8221;{}&#8221; custom_padding__hover=&#8221;|||&#8221;][et_pb_number_counter title=&#8221;Max. participants&#8221; number=&#8221;100&#8243; percent_sign=&#8221;off&#8221; _builder_version=&#8221;4.15.1&#8243; title_font=&#8221;Teko||||||||&#8221; title_font_size=&#8221;24px&#8221; number_font=&#8221;Teko|500|||||||&#8221; number_text_color=&#8221;#c10f1b&#8221; number_font_size=&#8221;90px&#8221; hover_enabled=&#8221;0&#8243; number_font_size_tablet=&#8221;96px&#8221; number_font_size_phone=&#8221;96px&#8221; number_font_size_last_edited=&#8221;on|desktop&#8221; global_colors_info=&#8221;{}&#8221; sticky_enabled=&#8221;0&#8243;][\/et_pb_number_counter][\/et_pb_column][et_pb_column type=&#8221;1_3&#8243; _builder_version=&#8221;4.15&#8243; custom_padding=&#8221;|||&#8221; global_colors_info=&#8221;{}&#8221; custom_padding__hover=&#8221;|||&#8221;][et_pb_number_counter title=&#8221;Hours driving time&#8221; number=&#8221;16&#8243; percent_sign=&#8221;off&#8221; _builder_version=&#8221;4.15.1&#8243; title_font=&#8221;Teko||||||||&#8221; title_font_size=&#8221;24px&#8221; number_font=&#8221;Teko|500|||||||&#8221; number_text_color=&#8221;#c10f1b&#8221; number_font_size=&#8221;90px&#8221; hover_enabled=&#8221;0&#8243; number_font_size_tablet=&#8221;96px&#8221; number_font_size_phone=&#8221;96px&#8221; number_font_size_last_edited=&#8221;on|phone&#8221; locked=&#8221;off&#8221; global_colors_info=&#8221;{}&#8221; sticky_enabled=&#8221;0&#8243;][\/et_pb_number_counter][\/et_pb_column][et_pb_column type=&#8221;1_3&#8243; _builder_version=&#8221;4.15&#8243; custom_padding=&#8221;|||&#8221; global_colors_info=&#8221;{}&#8221; custom_padding__hover=&#8221;|||&#8221;][et_pb_number_counter title=&#8221;KM route&#8221; number=&#8221;800-1300&#8243; percent_sign=&#8221;off&#8221; _builder_version=&#8221;4.15.1&#8243; title_font=&#8221;Teko||||||||&#8221; title_font_size=&#8221;24px&#8221; number_font=&#8221;Teko|500|||||||&#8221; number_text_color=&#8221;#c10f1b&#8221; number_font_size=&#8221;90px&#8221; hover_enabled=&#8221;0&#8243; number_font_size_tablet=&#8221;96px&#8221; number_font_size_phone=&#8221;96px&#8221; number_font_size_last_edited=&#8221;on|phone&#8221; locked=&#8221;off&#8221; global_colors_info=&#8221;{}&#8221; sticky_enabled=&#8221;0&#8243;][\/et_pb_number_counter][\/et_pb_column][\/et_pb_row][\/et_pb_section][et_pb_section fb_built=&#8221;1&#8243; prev_background_color=&#8221;#000000&#8243; admin_label=&#8221;Team&#8221; _builder_version=&#8221;4.15&#8243; max_width=&#8221;920px&#8221; max_width_tablet=&#8221;80%&#8221; max_width_phone=&#8221;60%&#8221; max_width_last_edited=&#8221;on|phone&#8221; module_alignment=&#8221;center&#8221; min_height=&#8221;100px&#8221; min_height_tablet=&#8221;80px&#8221; min_height_phone=&#8221;40px&#8221; min_height_last_edited=&#8221;on|phone&#8221; custom_margin=&#8221;||||false|false&#8221; custom_padding=&#8221;||0px||false|false&#8221; top_divider_style=&#8221;arrow&#8221; top_divider_height_tablet=&#8221;80px&#8221; top_divider_height_phone=&#8221;40px&#8221; top_divider_height_last_edited=&#8221;on|desktop&#8221; locked=&#8221;off&#8221; global_colors_info=&#8221;{}&#8221;][\/et_pb_section][et_pb_section fb_built=&#8221;1&#8243; custom_padding_last_edited=&#8221;on|phone&#8221; admin_label=&#8221;Team&#8221; _builder_version=&#8221;4.15&#8243; custom_padding=&#8221;|0px|54px|0px|false|false&#8221; custom_padding_tablet=&#8221;0px||||false|false&#8221; custom_padding_phone=&#8221;0px||||false|false&#8221; locked=&#8221;off&#8221; global_colors_info=&#8221;{}&#8221;][et_pb_row admin_label=&#8221;Team Title Area&#8221; _builder_version=&#8221;4.15&#8243; max_width=&#8221;700px&#8221; module_alignment=&#8221;center&#8221; custom_margin=&#8221;0px|||&#8221; custom_padding=&#8221;|||&#8221; use_custom_width=&#8221;on&#8221; custom_width_px=&#8221;700px&#8221; locked=&#8221;off&#8221; global_colors_info=&#8221;{}&#8221;][et_pb_column type=&#8221;4_4&#8243; _builder_version=&#8221;4.15&#8243; custom_padding=&#8221;|||&#8221; global_colors_info=&#8221;{}&#8221; custom_padding__hover=&#8221;|||&#8221;][et_pb_text admin_label=&#8221;Title&#8221; _builder_version=&#8221;4.15&#8243; text_font=&#8221;Lato||||||||&#8221; text_font_size=&#8221;20px&#8221; text_line_height=&#8221;1.8em&#8221; header_font=&#8221;||||||||&#8221; header_2_font=&#8221;Teko||||||||&#8221; header_2_font_size=&#8221;96px&#8221; text_orientation=&#8221;center&#8221; max_width=&#8221;700px&#8221; module_alignment=&#8221;center&#8221; custom_margin=&#8221;||0px|&#8221; header_2_font_size_tablet=&#8221;66px&#8221; header_2_font_size_phone=&#8221;36px&#8221; header_2_font_size_last_edited=&#8221;on|phone&#8221; locked=&#8221;off&#8221; global_colors_info=&#8221;{}&#8221;]<\/p>\n<h2>Our instructors<\/h2>\n<p>&nbsp;<\/p>\n<p>[\/et_pb_text][\/et_pb_column][\/et_pb_row][et_pb_row admin_label=&#8221;Team&#8221; _builder_version=&#8221;4.15&#8243; global_colors_info=&#8221;{}&#8221;][et_pb_column type=&#8221;4_4&#8243; _builder_version=&#8221;4.15&#8243; custom_padding=&#8221;|||&#8221; global_colors_info=&#8221;{}&#8221; custom_padding__hover=&#8221;|||&#8221;][dsm_perspective_image src=&#8221;https:\/\/scuderia-s7.com\/wp-content\/uploads\/2022\/02\/scuderias7-nuerburgrin-sportfahrerlehrgang-team-n08i5aan33ky3yzuqbh49sbvo2yij3suufm50oqdzg.jpeg&#8221; title_text=&#8221;scuderias7-nuerburgrin-sportfahrerlehrgang-team-n08i5aan33ky3yzuqbh49sbvo2yij3suufm50oqdzg&#8221; show_in_lightbox=&#8221;on&#8221; lightbox_max_width=&#8221;100%&#8221; _builder_version=&#8221;4.14.7&#8243; _module_preset=&#8221;default&#8221; global_colors_info=&#8221;{}&#8221;][\/dsm_perspective_image][et_pb_text _builder_version=&#8221;4.15&#8243; _module_preset=&#8221;default&#8221; text_font_size=&#8221;12px&#8221; text_line_height_tablet=&#8221;1.4em&#8221; text_line_height_phone=&#8221;1.4em&#8221; text_line_height_last_edited=&#8221;on|phone&#8221; global_colors_info=&#8221;{}&#8221;]<\/p>\n<p><em>In parts:<\/em><\/p>\n<p><span>Frank Stippler, Frank Schmickler, Arno Klasen, Dr. Edgar Althoff, Stephan K\u00f6hler, Friedhelm Mihm, Thomas Koll, Dieter Schornstein, Georg Silbermayr, Michael Jacobs, Bruno Beulen, Manuel Sch\u00fctte, Martin Stucky, C\u00e9lia Martin,Torsten Kratz und viele mehr&#8230;<\/span><\/p>\n<p>[\/et_pb_text][\/et_pb_column][\/et_pb_row][\/et_pb_section]<\/p>\n","protected":false},"excerpt":{"rendered":"<p>Your personal adventure in the green hell Sporty, ambitious drivers who want to improve their driving technique and driving safety on the Nordschleife will get their money&#8217;s worth here.Track Day<div class=\"et_pb_module dsm_icon_list dsm_icon_list_0\">\n\t\t\t\t\n\t\t\t\t\n\t\t\t\t\n\t\t\t\t\n\t\t\t\t\n\t\t\t\t\n\t\t\t\t<div class=\"et_pb_module_inner\">\n\t\t\t\t\t<ul class=\"dsm_icon_list_items dsm_icon_list_ltr_direction dsm_icon_list_layout_vertical\"><li class=\"dsm_icon_list_child dsm_icon_list_child_0\">\n\t\t\t\t\n\t\t\t\t\n\t\t\t\t\n\t\t\t\t\n\t\t\t\t<span class=\"dsm_icon_list_wrapper\"><span class=\"dsm_icon_list_icon\">P<\/span><\/span><span class=\"dsm_icon_list_text\">The maximum of 100 participants are divided into small groups of 6 people and max. 7 sections.<\/span>\n\t\t\t<\/li><li class=\"dsm_icon_list_child dsm_icon_list_child_1\">\n\t\t\t\t\n\t\t\t\t\n\t\t\t\t\n\t\t\t\t\n\t\t\t\t<span class=\"dsm_icon_list_wrapper\"><span class=\"dsm_icon_list_icon\">P<\/span><\/span><span class=\"dsm_icon_list_text\"> With section training, free driving, guided driving and a final exam, the two days will gives you 16h driving time and approx. 800km - 1,300km. <\/span>\n\t\t\t<\/li><li class=\"dsm_icon_list_child dsm_icon_list_child_2\">\n\t\t\t\t\n\t\t\t\t\n\t\t\t\t\n\t\t\t\t\n\t\t\t\t<span class=\"dsm_icon_list_wrapper\"><span class=\"dsm_icon_list_icon\">P<\/span><\/span><span class=\"dsm_icon_list_text\">From rookie to expert - we have the right group for you. <\/span>\n\t\t\t<\/li><li class=\"dsm_icon_list_child dsm_icon_list_child_3\">\n\t\t\t\t\n\t\t\t\t\n\t\t\t\t\n\t\t\t\t\n\t\t\t\t<span class=\"dsm_icon_list_wrapper\"><span class=\"dsm_icon_list_icon\">P<\/span><\/span><span class=\"dsm_icon_list_text\">The groups are divided according to driving ability and circle of friends. Switching is usually not a problem. <\/span>\n\t\t\t<\/li><\/ul>\n\t\t\t\t<\/div>\n\t\t\t<\/div><div class=\"et_pb_module dsm_image_carousel dsm_image_carousel_0\">\n\t\t\t\t\n\t\t\t\t\n\t\t\t\t\n\t\t\t\t\n\t\t\t\t\n\t\t\t\t\n\t\t\t\t<div class=\"et_pb_module_inner\">\n\t\t\t\t\t\n\t\t\t\t<\/div>\n\t\t\t<\/div>The small groups enable individual coaching.In the sections, the instructor first drives ahead and the participants&#8217; vehicles follow.Here [&hellip;]<\/p>\n","protected":false},"author":1,"featured_media":0,"parent":0,"menu_order":0,"comment_status":"closed","ping_status":"closed","template":"","meta":{"_acf_changed":false,"_et_pb_use_builder":"on","_et_pb_old_content":"","_et_gb_content_width":"","footnotes":""},"class_list":["post-1478","page","type-page","status-publish","hentry"],"acf":[],"yoast_head":"<!-- This site is optimized with the Yoast SEO plugin v24.2 - https:\/\/yoast.com\/wordpress\/plugins\/seo\/ -->\n<title>S7 sports driver course - Scuderia S7<\/title>\n<meta name=\"robots\" content=\"index, follow, max-snippet:-1, max-image-preview:large, max-video-preview:-1\" \/>\n<link rel=\"canonical\" href=\"https:\/\/scuderia-s7.com\/s7-sportfahrer-lehrgang\/\" \/>\n<meta property=\"og:locale\" content=\"en_US\" \/>\n<meta property=\"og:type\" content=\"article\" \/>\n<meta property=\"og:title\" content=\"S7 sports driver course - Scuderia S7\" \/>\n<meta property=\"og:description\" content=\"Your personal adventure in the green hell Sporty, ambitious drivers who want to improve their driving technique and driving safety on the Nordschleife will get their money&#039;s worth here.Track DayThe small groups enable individual coaching.In the sections, the instructor first drives ahead and the participants&#039; vehicles follow.Here [&hellip;]\" \/>\n<meta property=\"og:site_name\" content=\"Scuderia S7\" \/>\n<meta property=\"article:modified_time\" content=\"2022-08-18T15:19:14+00:00\" \/>\n<meta name=\"twitter:card\" content=\"summary_large_image\" \/>\n<meta name=\"twitter:label1\" content=\"Est. reading time\" \/>\n\t<meta name=\"twitter:data1\" content=\"9 minutes\" \/>\n<script type=\"application\/ld+json\" class=\"yoast-schema-graph\">{\"@context\":\"https:\/\/schema.org\",\"@graph\":[{\"@type\":\"WebPage\",\"@id\":\"https:\/\/scuderia-s7.com\/s7-sportfahrer-lehrgang\/\",\"url\":\"https:\/\/scuderia-s7.com\/s7-sportfahrer-lehrgang\/\",\"name\":\"S7 sports driver course - Scuderia S7\",\"isPartOf\":{\"@id\":\"https:\/\/scuderia-s7.com\/#website\"},\"datePublished\":\"2021-12-17T09:49:17+00:00\",\"dateModified\":\"2022-08-18T15:19:14+00:00\",\"breadcrumb\":{\"@id\":\"https:\/\/scuderia-s7.com\/s7-sportfahrer-lehrgang\/#breadcrumb\"},\"inLanguage\":\"en-US\",\"potentialAction\":[{\"@type\":\"ReadAction\",\"target\":[\"https:\/\/scuderia-s7.com\/s7-sportfahrer-lehrgang\/\"]}]},{\"@type\":\"BreadcrumbList\",\"@id\":\"https:\/\/scuderia-s7.com\/s7-sportfahrer-lehrgang\/#breadcrumb\",\"itemListElement\":[{\"@type\":\"ListItem\",\"position\":1,\"name\":\"Startseite\",\"item\":\"https:\/\/scuderia-s7.com\/\"},{\"@type\":\"ListItem\",\"position\":2,\"name\":\"S7 sports driver course\"}]},{\"@type\":\"WebSite\",\"@id\":\"https:\/\/scuderia-s7.com\/#website\",\"url\":\"https:\/\/scuderia-s7.com\/\",\"name\":\"Scuderia S7\",\"description\":\"Sportfahrerlehrgang auf der Nordschleife des N\u00fcrburgringes\",\"potentialAction\":[{\"@type\":\"SearchAction\",\"target\":{\"@type\":\"EntryPoint\",\"urlTemplate\":\"https:\/\/scuderia-s7.com\/?s={search_term_string}\"},\"query-input\":{\"@type\":\"PropertyValueSpecification\",\"valueRequired\":true,\"valueName\":\"search_term_string\"}}],\"inLanguage\":\"en-US\"}]}<\/script>\n<!-- \/ Yoast SEO plugin. -->","yoast_head_json":{"title":"S7 sports driver course - Scuderia S7","robots":{"index":"index","follow":"follow","max-snippet":"max-snippet:-1","max-image-preview":"max-image-preview:large","max-video-preview":"max-video-preview:-1"},"canonical":"https:\/\/scuderia-s7.com\/s7-sportfahrer-lehrgang\/","og_locale":"en_US","og_type":"article","og_title":"S7 sports driver course - Scuderia S7","og_description":"Your personal adventure in the green hell Sporty, ambitious drivers who want to improve their driving technique and driving safety on the Nordschleife will get their money's worth here.Track DayThe small groups enable individual coaching.In the sections, the instructor first drives ahead and the participants' vehicles follow.Here [&hellip;]","og_site_name":"Scuderia S7","article_modified_time":"2022-08-18T15:19:14+00:00","twitter_card":"summary_large_image","twitter_misc":{"Est. reading time":"9 minutes"},"schema":{"@context":"https:\/\/schema.org","@graph":[{"@type":"WebPage","@id":"https:\/\/scuderia-s7.com\/s7-sportfahrer-lehrgang\/","url":"https:\/\/scuderia-s7.com\/s7-sportfahrer-lehrgang\/","name":"S7 sports driver course - Scuderia S7","isPartOf":{"@id":"https:\/\/scuderia-s7.com\/#website"},"datePublished":"2021-12-17T09:49:17+00:00","dateModified":"2022-08-18T15:19:14+00:00","breadcrumb":{"@id":"https:\/\/scuderia-s7.com\/s7-sportfahrer-lehrgang\/#breadcrumb"},"inLanguage":"en-US","potentialAction":[{"@type":"ReadAction","target":["https:\/\/scuderia-s7.com\/s7-sportfahrer-lehrgang\/"]}]},{"@type":"BreadcrumbList","@id":"https:\/\/scuderia-s7.com\/s7-sportfahrer-lehrgang\/#breadcrumb","itemListElement":[{"@type":"ListItem","position":1,"name":"Startseite","item":"https:\/\/scuderia-s7.com\/"},{"@type":"ListItem","position":2,"name":"S7 sports driver course"}]},{"@type":"WebSite","@id":"https:\/\/scuderia-s7.com\/#website","url":"https:\/\/scuderia-s7.com\/","name":"Scuderia S7","description":"Sportfahrerlehrgang auf der Nordschleife des N\u00fcrburgringes","potentialAction":[{"@type":"SearchAction","target":{"@type":"EntryPoint","urlTemplate":"https:\/\/scuderia-s7.com\/?s={search_term_string}"},"query-input":{"@type":"PropertyValueSpecification","valueRequired":true,"valueName":"search_term_string"}}],"inLanguage":"en-US"}]}},"_links":{"self":[{"href":"https:\/\/scuderia-s7.com\/en\/wp-json\/wp\/v2\/pages\/1478","targetHints":{"allow":["GET"]}}],"collection":[{"href":"https:\/\/scuderia-s7.com\/en\/wp-json\/wp\/v2\/pages"}],"about":[{"href":"https:\/\/scuderia-s7.com\/en\/wp-json\/wp\/v2\/types\/page"}],"author":[{"embeddable":true,"href":"https:\/\/scuderia-s7.com\/en\/wp-json\/wp\/v2\/users\/1"}],"replies":[{"embeddable":true,"href":"https:\/\/scuderia-s7.com\/en\/wp-json\/wp\/v2\/comments?post=1478"}],"version-history":[{"count":42,"href":"https:\/\/scuderia-s7.com\/en\/wp-json\/wp\/v2\/pages\/1478\/revisions"}],"predecessor-version":[{"id":5192,"href":"https:\/\/scuderia-s7.com\/en\/wp-json\/wp\/v2\/pages\/1478\/revisions\/5192"}],"wp:attachment":[{"href":"https:\/\/scuderia-s7.com\/en\/wp-json\/wp\/v2\/media?parent=1478"}],"curies":[{"name":"wp","href":"https:\/\/api.w.org\/{rel}","templated":true}]}}