{"id":1391,"date":"2021-12-17T09:49:10","date_gmt":"2021-12-17T09:49:10","guid":{"rendered":"https:\/\/hardcore-cohen.138-201-118-114.plesk.page\/la-scuderia-s7\/"},"modified":"2022-02-08T16:12:41","modified_gmt":"2022-02-08T16:12:41","slug":"la-scuderia-s7","status":"publish","type":"page","link":"https:\/\/scuderia-s7.com\/fr\/la-scuderia-s7\/","title":{"rendered":"La Scuderia S7"},"content":{"rendered":"<p>[et_pb_section fb_built=\u00a0\u00bb1&Prime; fullwidth=\u00a0\u00bbon\u00a0\u00bb _builder_version=\u00a0\u00bb4.9.1&Prime; _module_preset=\u00a0\u00bbdefault\u00a0\u00bb custom_margin=\u00a0\u00bb-35px||||false|false\u00a0\u00bb custom_margin_tablet=\u00a0\u00bb\u00a0\u00bb custom_margin_phone=\u00a0\u00bb-200px||||false|false\u00a0\u00bb custom_margin_last_edited=\u00a0\u00bbon|phone\u00a0\u00bb bottom_divider_style=\u00a0\u00bbasymmetric2&Prime; bottom_divider_color=\u00a0\u00bb#FFFFFF\u00a0\u00bb bottom_divider_height=\u00a0\u00bb70px\u00a0\u00bb locked=\u00a0\u00bboff\u00a0\u00bb global_colors_info=\u00a0\u00bb{}\u00a0\u00bb][et_pb_fullwidth_header _builder_version=\u00a0\u00bb4.9.1&Prime; _module_preset=\u00a0\u00bbdefault\u00a0\u00bb title_font=\u00a0\u00bb||on|on|||||\u00a0\u00bb title_text_align=\u00a0\u00bbleft\u00a0\u00bb title_text_color=\u00a0\u00bb#000000&Prime; background_enable_color=\u00a0\u00bboff\u00a0\u00bb background_image=\u00a0\u00bbhttps:\/\/scuderia-s7.com\/wp-content\/uploads\/2021\/12\/20210902-SB11196-ScuderiaS7_Easy-Resize.com_.jpg\u00a0\u00bb min_height=\u00a0\u00bb500px\u00a0\u00bb custom_margin=\u00a0\u00bb||||false|false\u00a0\u00bb custom_margin_tablet=\u00a0\u00bb\u00a0\u00bb custom_margin_phone=\u00a0\u00bb||||false|false\u00a0\u00bb custom_margin_last_edited=\u00a0\u00bbon|phone\u00a0\u00bb custom_padding=\u00a0\u00bb||||false|false\u00a0\u00bb hover_transition_duration=\u00a0\u00bb700ms\u00a0\u00bb hover_transition_delay=\u00a0\u00bb50ms\u00a0\u00bb title_font_size_tablet=\u00a0\u00bb\u00a0\u00bb title_font_size_phone=\u00a0\u00bb18px\u00a0\u00bb title_font_size_last_edited=\u00a0\u00bbon|phone\u00a0\u00bb global_colors_info=\u00a0\u00bb{}\u00a0\u00bb][\/et_pb_fullwidth_header][\/et_pb_section][et_pb_section fb_built=\u00a0\u00bb1&Prime; custom_padding_last_edited=\u00a0\u00bbon|phone\u00a0\u00bb admin_label=\u00a0\u00bbAbout Us\u00a0\u00bb _builder_version=\u00a0\u00bb4.9.1&Prime; custom_padding=\u00a0\u00bb120px|0px||0px|false|false\u00a0\u00bb custom_padding_tablet=\u00a0\u00bb\u00a0\u00bb custom_padding_phone=\u00a0\u00bb16px|0px||0px|false|false\u00a0\u00bb top_divider_style=\u00a0\u00bbmountains2&Prime; top_divider_color=\u00a0\u00bb#FFFFFF\u00a0\u00bb locked=\u00a0\u00bboff\u00a0\u00bb global_colors_info=\u00a0\u00bb{}\u00a0\u00bb][et_pb_row _builder_version=\u00a0\u00bb3.25&Prime; max_width=\u00a0\u00bb960px\u00a0\u00bb module_alignment=\u00a0\u00bbcenter\u00a0\u00bb use_custom_width=\u00a0\u00bbon\u00a0\u00bb custom_width_px=\u00a0\u00bb960px\u00a0\u00bb locked=\u00a0\u00bboff\u00a0\u00bb global_colors_info=\u00a0\u00bb{}\u00a0\u00bb][et_pb_column type=\u00a0\u00bb4_4&Prime; _builder_version=\u00a0\u00bb3.25&Prime; custom_padding=\u00a0\u00bb|||\u00a0\u00bb global_colors_info=\u00a0\u00bb{}\u00a0\u00bb custom_padding__hover=\u00a0\u00bb|||\u00a0\u00bb][et_pb_text admin_label=\u00a0\u00bbTitle\u00a0\u00bb _builder_version=\u00a0\u00bb4.9.1&Prime; text_font=\u00a0\u00bbLato||||||||\u00a0\u00bb text_font_size=\u00a0\u00bb19px\u00a0\u00bb text_line_height=\u00a0\u00bb1.5em\u00a0\u00bb header_font=\u00a0\u00bb||||||||\u00a0\u00bb header_2_font=\u00a0\u00bbTeko||||||||\u00a0\u00bb header_2_font_size=\u00a0\u00bb96px\u00a0\u00bb text_orientation=\u00a0\u00bbcenter\u00a0\u00bb max_width=\u00a0\u00bb750px\u00a0\u00bb module_alignment=\u00a0\u00bbcenter\u00a0\u00bb custom_margin=\u00a0\u00bb|||\u00a0\u00bb header_2_font_size_tablet=\u00a0\u00bb66px\u00a0\u00bb header_2_font_size_phone=\u00a0\u00bb65px\u00a0\u00bb header_2_font_size_last_edited=\u00a0\u00bbon|phone\u00a0\u00bb global_colors_info=\u00a0\u00bb{}\u00a0\u00bb]<\/p>\n<h2>Nous sommes S7<\/h2>\n<p>En 2007, 7 moniteurs se sont associ\u00e9s pour proposer le cours premium de conduite sportive sur le N\u00fcrburgring. Le nom \u00e9tait simple. Tout le monde avait un \u00ab\u00a0S\u00a0\u00bb dans son nom et c&rsquo;est ainsi que le nom Scuderia S7 est n\u00e9.<\/p>\n<p>Depuis lors, nous organisons le cours de conduite sportive premium avec corps et \u00e2me.<\/p>\n<p>D&rsquo;une passion commune pour les voitures de sport et la Nordschleife, les participants deviennent amis avec nous. Nous sommes fiers d&rsquo;accueillir ces amis, invit\u00e9s et entrepreneurs du monde entier.<\/p>\n<p>[\/et_pb_text][\/et_pb_column][\/et_pb_row][\/et_pb_section][et_pb_section fb_built=\u00a0\u00bb1&Prime; custom_padding_last_edited=\u00a0\u00bbon|phone\u00a0\u00bb prev_background_color=\u00a0\u00bb#ffffff\u00a0\u00bb next_background_color=\u00a0\u00bbRGBA(0,0,0,0)\u00a0\u00bb admin_label=\u00a0\u00bbOur History\u00a0\u00bb _builder_version=\u00a0\u00bb4.9.1&Prime; background_color=\u00a0\u00bb#9b0017&Prime; background_enable_image=\u00a0\u00bboff\u00a0\u00bb custom_padding=\u00a0\u00bb180px||0px||false|false\u00a0\u00bb custom_padding_tablet=\u00a0\u00bb|||\u00a0\u00bb custom_padding_phone=\u00a0\u00bb100px|||\u00a0\u00bb top_divider_style=\u00a0\u00bbarrow\u00a0\u00bb top_divider_height_tablet=\u00a0\u00bb\u00a0\u00bb top_divider_height_phone=\u00a0\u00bb50px\u00a0\u00bb top_divider_height_last_edited=\u00a0\u00bbon|phone\u00a0\u00bb bottom_divider_style=\u00a0\u00bbarrow\u00a0\u00bb box_shadow_style=\u00a0\u00bbpreset7&Prime; box_shadow_horizontal=\u00a0\u00bb0px\u00a0\u00bb box_shadow_vertical=\u00a0\u00bb-150px\u00a0\u00bb box_shadow_color=\u00a0\u00bb#ffffff\u00a0\u00bb locked=\u00a0\u00bboff\u00a0\u00bb global_colors_info=\u00a0\u00bb{}\u00a0\u00bb][et_pb_row custom_padding_last_edited=\u00a0\u00bboff|desktop\u00a0\u00bb _builder_version=\u00a0\u00bb4.14.7&Prime; background_color=\u00a0\u00bb#f7f7f7&Prime; module_alignment=\u00a0\u00bbcenter\u00a0\u00bb custom_margin=\u00a0\u00bb0px||200px||false|false\u00a0\u00bb custom_padding=\u00a0\u00bb40px|5%|150px|5%|false|true\u00a0\u00bb hover_enabled=\u00a0\u00bb0&Prime; use_custom_width=\u00a0\u00bbon\u00a0\u00bb locked=\u00a0\u00bboff\u00a0\u00bb global_colors_info=\u00a0\u00bb{}\u00a0\u00bb sticky_enabled=\u00a0\u00bb0&Prime;][et_pb_column type=\u00a0\u00bb4_4&Prime; _builder_version=\u00a0\u00bb3.25&Prime; custom_padding=\u00a0\u00bb|||\u00a0\u00bb global_colors_info=\u00a0\u00bb{}\u00a0\u00bb custom_padding__hover=\u00a0\u00bb|||\u00a0\u00bb][et_pb_image src=\u00a0\u00bbhttps:\/\/scuderia-s7.com\/wp-content\/uploads\/2021\/12\/kisspng-nrburgring-car-decal-logo-sticker-motor-sport-5b23f584676192.7606856115290832684235.png\u00a0\u00bb _builder_version=\u00a0\u00bb4.14.7&Prime; _module_preset=\u00a0\u00bbdefault\u00a0\u00bb title_text=\u00a0\u00bbkisspng-nrburgring-car-decal-logo-sticker-motor-sport-5b23f584676192.7606856115290832684235&Prime; max_width=\u00a0\u00bb240px\u00a0\u00bb module_alignment=\u00a0\u00bbcenter\u00a0\u00bb hover_enabled=\u00a0\u00bb0&Prime; sticky_enabled=\u00a0\u00bb0&Prime;][\/et_pb_image][et_pb_text admin_label=\u00a0\u00bbTitle\u00a0\u00bb _builder_version=\u00a0\u00bb4.14.7&Prime; text_font=\u00a0\u00bbLato||||||||\u00a0\u00bb text_font_size=\u00a0\u00bb18px\u00a0\u00bb text_line_height=\u00a0\u00bb1.8em\u00a0\u00bb header_font=\u00a0\u00bb||||||||\u00a0\u00bb header_2_font=\u00a0\u00bbTeko||||||||\u00a0\u00bb header_2_font_size=\u00a0\u00bb96px\u00a0\u00bb background_color=\u00a0\u00bb#f7f7f7&Prime; max_width=\u00a0\u00bb800px\u00a0\u00bb module_alignment=\u00a0\u00bbcenter\u00a0\u00bb custom_margin=\u00a0\u00bb||0px|\u00a0\u00bb hover_enabled=\u00a0\u00bb0&Prime; header_2_font_size_tablet=\u00a0\u00bb66px\u00a0\u00bb header_2_font_size_phone=\u00a0\u00bb36px\u00a0\u00bb header_2_font_size_last_edited=\u00a0\u00bbon|phone\u00a0\u00bb global_colors_info=\u00a0\u00bb{}\u00a0\u00bb sticky_enabled=\u00a0\u00bb0&Prime;]<\/p>\n<h2><span style=\"color: #000000\">L&rsquo;amour pour la Nordschleife<\/span><\/h2>\n<p>\u00ab\u00a0Paradis sur terre\u00a0\u00bb ou \u00ab\u00a0Enfer Vert\u00a0\u00bb &#8211; c&rsquo;est-\u00e0-dire, selon vos go\u00fbts, la Nordschleife du N\u00fcrburgring.<\/p>\n<p>Un hippodrome fascinant \u00e0 tous \u00e9gards, entour\u00e9 de mythes et d&rsquo;une infinit\u00e9 d&rsquo;histoires.<\/p>\n<p>La Nordschleife (20,8 km), avec son ajout au parcours du Grand Prix (5,1 km), est la plus longue piste de course permanente au monde.<br \/>Depuis son inauguration le 18 juin 1927, il a conserv\u00e9 son caract\u00e8re l\u00e9gendaire malgr\u00e9 quelques modifications.<\/p>\n<p>290 m de d\u00e9nivel\u00e9, 73 virages, des d\u00e9nivel\u00e9s jusqu&rsquo;\u00e0 18% et des pentes jusqu&rsquo;\u00e0 11% demandent au conducteur une extr\u00eame concentration, un peu de courage et surtout : un grand respect.<\/p>\n<p>La topographie unique et la m\u00e9t\u00e9o parfois impr\u00e9visible de l&rsquo;Eifel font du N\u00fcrburgring un itin\u00e9raire d&rsquo;entra\u00eenement id\u00e9al pour le trafic routier quotidien.<\/p>\n<p>[\/et_pb_text][\/et_pb_column][\/et_pb_row][\/et_pb_section]<\/p>\n","protected":false},"excerpt":{"rendered":"<p>Nous sommes S7 En 2007, 7 moniteurs se sont associ\u00e9s pour proposer le cours premium de conduite sportive sur le N\u00fcrburgring. Le nom \u00e9tait simple. Tout le monde avait un \u00ab\u00a0S\u00a0\u00bb dans son nom et c&rsquo;est ainsi que le nom Scuderia S7 est n\u00e9. Depuis lors, nous organisons le cours de conduite sportive premium avec corps et \u00e2me. D&rsquo;une passion commune pour les voitures de sport et la Nordschleife, les participants deviennent amis avec nous. Nous sommes fiers d&rsquo;accueillir ces amis, invit\u00e9s et entrepreneurs du monde entier.L&rsquo;amour pour la Nordschleife \u00ab\u00a0Paradis sur terre\u00a0\u00bb ou \u00ab\u00a0Enfer Vert\u00a0\u00bb &#8211; c&rsquo;est-\u00e0-dire, selon vos go\u00fbts, la Nordschleife du N\u00fcrburgring. Un hippodrome fascinant \u00e0 tous \u00e9gards, entour\u00e9 de mythes et d&rsquo;une infinit\u00e9 d&rsquo;histoires. La Nordschleife (20,8 km), avec son ajout au parcours du Grand Prix (5,1 km), est la plus longue piste de course permanente au monde.Depuis son inauguration le 18 juin 1927, il a conserv\u00e9 son caract\u00e8re l\u00e9gendaire malgr\u00e9 quelques modifications. 290 m de d\u00e9nivel\u00e9, 73 virages, des d\u00e9nivel\u00e9s jusqu&rsquo;\u00e0 18% et des pentes jusqu&rsquo;\u00e0 11% demandent au conducteur une extr\u00eame concentration, un peu de courage et surtout : un grand respect. La topographie unique et la m\u00e9t\u00e9o parfois impr\u00e9visible de l&rsquo;Eifel font du [&hellip;]<\/p>\n","protected":false},"author":1,"featured_media":0,"parent":0,"menu_order":0,"comment_status":"closed","ping_status":"closed","template":"","meta":{"_acf_changed":false,"_et_pb_use_builder":"on","_et_pb_old_content":"","_et_gb_content_width":"","footnotes":""},"class_list":["post-1391","page","type-page","status-publish","hentry"],"acf":[],"yoast_head":"<!-- This site is optimized with the Yoast SEO plugin v24.2 - https:\/\/yoast.com\/wordpress\/plugins\/seo\/ -->\n<title>La Scuderia S7 - Scuderia S7<\/title>\n<meta name=\"robots\" content=\"index, follow, max-snippet:-1, max-image-preview:large, max-video-preview:-1\" \/>\n<link rel=\"canonical\" href=\"https:\/\/scuderia-s7.com\/fr\/la-scuderia-s7\/\" \/>\n<meta property=\"og:locale\" content=\"fr_FR\" \/>\n<meta property=\"og:type\" content=\"article\" \/>\n<meta property=\"og:title\" content=\"La Scuderia S7 - Scuderia S7\" \/>\n<meta property=\"og:description\" content=\"Nous sommes S7 En 2007, 7 moniteurs se sont associ\u00e9s pour proposer le cours premium de conduite sportive sur le N\u00fcrburgring. Le nom \u00e9tait simple. Tout le monde avait un &quot;S&quot; dans son nom et c&#039;est ainsi que le nom Scuderia S7 est n\u00e9. Depuis lors, nous organisons le cours de conduite sportive premium avec corps et \u00e2me. D&#039;une passion commune pour les voitures de sport et la Nordschleife, les participants deviennent amis avec nous. Nous sommes fiers d&#039;accueillir ces amis, invit\u00e9s et entrepreneurs du monde entier.L&#039;amour pour la Nordschleife &quot;Paradis sur terre&quot; ou &quot;Enfer Vert&quot; - c&#039;est-\u00e0-dire, selon vos go\u00fbts, la Nordschleife du N\u00fcrburgring. Un hippodrome fascinant \u00e0 tous \u00e9gards, entour\u00e9 de mythes et d&#039;une infinit\u00e9 d&#039;histoires. La Nordschleife (20,8 km), avec son ajout au parcours du Grand Prix (5,1 km), est la plus longue piste de course permanente au monde.Depuis son inauguration le 18 juin 1927, il a conserv\u00e9 son caract\u00e8re l\u00e9gendaire malgr\u00e9 quelques modifications. 290 m de d\u00e9nivel\u00e9, 73 virages, des d\u00e9nivel\u00e9s jusqu&#039;\u00e0 18% et des pentes jusqu&#039;\u00e0 11% demandent au conducteur une extr\u00eame concentration, un peu de courage et surtout : un grand respect. La topographie unique et la m\u00e9t\u00e9o parfois impr\u00e9visible de l&#039;Eifel font du [&hellip;]\" \/>\n<meta property=\"og:site_name\" content=\"Scuderia S7\" \/>\n<meta property=\"article:modified_time\" content=\"2022-02-08T16:12:41+00:00\" \/>\n<meta name=\"twitter:card\" content=\"summary_large_image\" \/>\n<meta name=\"twitter:label1\" content=\"Dur\u00e9e de lecture estim\u00e9e\" \/>\n\t<meta name=\"twitter:data1\" content=\"4 minutes\" \/>\n<script type=\"application\/ld+json\" class=\"yoast-schema-graph\">{\"@context\":\"https:\/\/schema.org\",\"@graph\":[{\"@type\":\"WebPage\",\"@id\":\"https:\/\/scuderia-s7.com\/fr\/la-scuderia-s7\/\",\"url\":\"https:\/\/scuderia-s7.com\/fr\/la-scuderia-s7\/\",\"name\":\"La Scuderia S7 - Scuderia S7\",\"isPartOf\":{\"@id\":\"https:\/\/scuderia-s7.com\/#website\"},\"datePublished\":\"2021-12-17T09:49:10+00:00\",\"dateModified\":\"2022-02-08T16:12:41+00:00\",\"breadcrumb\":{\"@id\":\"https:\/\/scuderia-s7.com\/fr\/la-scuderia-s7\/#breadcrumb\"},\"inLanguage\":\"fr-FR\",\"potentialAction\":[{\"@type\":\"ReadAction\",\"target\":[\"https:\/\/scuderia-s7.com\/fr\/la-scuderia-s7\/\"]}]},{\"@type\":\"BreadcrumbList\",\"@id\":\"https:\/\/scuderia-s7.com\/fr\/la-scuderia-s7\/#breadcrumb\",\"itemListElement\":[{\"@type\":\"ListItem\",\"position\":1,\"name\":\"Startseite\",\"item\":\"https:\/\/scuderia-s7.com\/\"},{\"@type\":\"ListItem\",\"position\":2,\"name\":\"La Scuderia S7\"}]},{\"@type\":\"WebSite\",\"@id\":\"https:\/\/scuderia-s7.com\/#website\",\"url\":\"https:\/\/scuderia-s7.com\/\",\"name\":\"Scuderia S7\",\"description\":\"Sportfahrerlehrgang auf der Nordschleife des N\u00fcrburgringes\",\"potentialAction\":[{\"@type\":\"SearchAction\",\"target\":{\"@type\":\"EntryPoint\",\"urlTemplate\":\"https:\/\/scuderia-s7.com\/?s={search_term_string}\"},\"query-input\":{\"@type\":\"PropertyValueSpecification\",\"valueRequired\":true,\"valueName\":\"search_term_string\"}}],\"inLanguage\":\"fr-FR\"}]}<\/script>\n<!-- \/ Yoast SEO plugin. -->","yoast_head_json":{"title":"La Scuderia S7 - Scuderia S7","robots":{"index":"index","follow":"follow","max-snippet":"max-snippet:-1","max-image-preview":"max-image-preview:large","max-video-preview":"max-video-preview:-1"},"canonical":"https:\/\/scuderia-s7.com\/fr\/la-scuderia-s7\/","og_locale":"fr_FR","og_type":"article","og_title":"La Scuderia S7 - Scuderia S7","og_description":"Nous sommes S7 En 2007, 7 moniteurs se sont associ\u00e9s pour proposer le cours premium de conduite sportive sur le N\u00fcrburgring. Le nom \u00e9tait simple. Tout le monde avait un \"S\" dans son nom et c'est ainsi que le nom Scuderia S7 est n\u00e9. Depuis lors, nous organisons le cours de conduite sportive premium avec corps et \u00e2me. D'une passion commune pour les voitures de sport et la Nordschleife, les participants deviennent amis avec nous. Nous sommes fiers d'accueillir ces amis, invit\u00e9s et entrepreneurs du monde entier.L'amour pour la Nordschleife \"Paradis sur terre\" ou \"Enfer Vert\" - c'est-\u00e0-dire, selon vos go\u00fbts, la Nordschleife du N\u00fcrburgring. Un hippodrome fascinant \u00e0 tous \u00e9gards, entour\u00e9 de mythes et d'une infinit\u00e9 d'histoires. La Nordschleife (20,8 km), avec son ajout au parcours du Grand Prix (5,1 km), est la plus longue piste de course permanente au monde.Depuis son inauguration le 18 juin 1927, il a conserv\u00e9 son caract\u00e8re l\u00e9gendaire malgr\u00e9 quelques modifications. 290 m de d\u00e9nivel\u00e9, 73 virages, des d\u00e9nivel\u00e9s jusqu'\u00e0 18% et des pentes jusqu'\u00e0 11% demandent au conducteur une extr\u00eame concentration, un peu de courage et surtout : un grand respect. La topographie unique et la m\u00e9t\u00e9o parfois impr\u00e9visible de l'Eifel font du [&hellip;]","og_site_name":"Scuderia S7","article_modified_time":"2022-02-08T16:12:41+00:00","twitter_card":"summary_large_image","twitter_misc":{"Dur\u00e9e de lecture estim\u00e9e":"4 minutes"},"schema":{"@context":"https:\/\/schema.org","@graph":[{"@type":"WebPage","@id":"https:\/\/scuderia-s7.com\/fr\/la-scuderia-s7\/","url":"https:\/\/scuderia-s7.com\/fr\/la-scuderia-s7\/","name":"La Scuderia S7 - Scuderia S7","isPartOf":{"@id":"https:\/\/scuderia-s7.com\/#website"},"datePublished":"2021-12-17T09:49:10+00:00","dateModified":"2022-02-08T16:12:41+00:00","breadcrumb":{"@id":"https:\/\/scuderia-s7.com\/fr\/la-scuderia-s7\/#breadcrumb"},"inLanguage":"fr-FR","potentialAction":[{"@type":"ReadAction","target":["https:\/\/scuderia-s7.com\/fr\/la-scuderia-s7\/"]}]},{"@type":"BreadcrumbList","@id":"https:\/\/scuderia-s7.com\/fr\/la-scuderia-s7\/#breadcrumb","itemListElement":[{"@type":"ListItem","position":1,"name":"Startseite","item":"https:\/\/scuderia-s7.com\/"},{"@type":"ListItem","position":2,"name":"La Scuderia S7"}]},{"@type":"WebSite","@id":"https:\/\/scuderia-s7.com\/#website","url":"https:\/\/scuderia-s7.com\/","name":"Scuderia S7","description":"Sportfahrerlehrgang auf der Nordschleife des N\u00fcrburgringes","potentialAction":[{"@type":"SearchAction","target":{"@type":"EntryPoint","urlTemplate":"https:\/\/scuderia-s7.com\/?s={search_term_string}"},"query-input":{"@type":"PropertyValueSpecification","valueRequired":true,"valueName":"search_term_string"}}],"inLanguage":"fr-FR"}]}},"_links":{"self":[{"href":"https:\/\/scuderia-s7.com\/fr\/wp-json\/wp\/v2\/pages\/1391","targetHints":{"allow":["GET"]}}],"collection":[{"href":"https:\/\/scuderia-s7.com\/fr\/wp-json\/wp\/v2\/pages"}],"about":[{"href":"https:\/\/scuderia-s7.com\/fr\/wp-json\/wp\/v2\/types\/page"}],"author":[{"embeddable":true,"href":"https:\/\/scuderia-s7.com\/fr\/wp-json\/wp\/v2\/users\/1"}],"replies":[{"embeddable":true,"href":"https:\/\/scuderia-s7.com\/fr\/wp-json\/wp\/v2\/comments?post=1391"}],"version-history":[{"count":26,"href":"https:\/\/scuderia-s7.com\/fr\/wp-json\/wp\/v2\/pages\/1391\/revisions"}],"predecessor-version":[{"id":3016,"href":"https:\/\/scuderia-s7.com\/fr\/wp-json\/wp\/v2\/pages\/1391\/revisions\/3016"}],"wp:attachment":[{"href":"https:\/\/scuderia-s7.com\/fr\/wp-json\/wp\/v2\/media?parent=1391"}],"curies":[{"name":"wp","href":"https:\/\/api.w.org\/{rel}","templated":true}]}}