{"id":2499,"date":"2022-01-04T13:41:42","date_gmt":"2022-01-04T13:41:42","guid":{"rendered":"https:\/\/hardcore-cohen.138-201-118-114.plesk.page\/agbs\/"},"modified":"2022-12-19T16:45:08","modified_gmt":"2022-12-19T16:45:08","slug":"agbs","status":"publish","type":"page","link":"https:\/\/scuderia-s7.com\/fr\/agbs\/","title":{"rendered":"Agbs"},"content":{"rendered":"<p>[et_pb_section fb_built=\u00a0\u00bb1&Prime; fullwidth=\u00a0\u00bbon\u00a0\u00bb _builder_version=\u00a0\u00bb4.16&Prime; _module_preset=\u00a0\u00bbdefault\u00a0\u00bb custom_margin=\u00a0\u00bb-35px||||false|false\u00a0\u00bb custom_margin_tablet=\u00a0\u00bb\u00a0\u00bb custom_margin_phone=\u00a0\u00bb-200px||||false|false\u00a0\u00bb custom_margin_last_edited=\u00a0\u00bbon|phone\u00a0\u00bb bottom_divider_style=\u00a0\u00bbasymmetric2&Prime; bottom_divider_color=\u00a0\u00bb#FFFFFF\u00a0\u00bb bottom_divider_height=\u00a0\u00bb70px\u00a0\u00bb locked=\u00a0\u00bboff\u00a0\u00bb global_colors_info=\u00a0\u00bb{}\u00a0\u00bb][et_pb_fullwidth_header _builder_version=\u00a0\u00bb4.16&Prime; _module_preset=\u00a0\u00bbdefault\u00a0\u00bb title_font=\u00a0\u00bb||on|on|||||\u00a0\u00bb title_text_align=\u00a0\u00bbleft\u00a0\u00bb title_text_color=\u00a0\u00bb#000000&Prime; background_enable_color=\u00a0\u00bboff\u00a0\u00bb background_image=\u00a0\u00bbhttps:\/\/scuderia-s7.com\/wp-content\/uploads\/2021\/12\/20210902-SB11196-ScuderiaS7_Easy-Resize.com_.jpg\u00a0\u00bb min_height=\u00a0\u00bb500px\u00a0\u00bb custom_margin=\u00a0\u00bb||||false|false\u00a0\u00bb custom_margin_tablet=\u00a0\u00bb\u00a0\u00bb custom_margin_phone=\u00a0\u00bb||||false|false\u00a0\u00bb custom_margin_last_edited=\u00a0\u00bbon|phone\u00a0\u00bb custom_padding=\u00a0\u00bb||||false|false\u00a0\u00bb hover_transition_duration=\u00a0\u00bb700ms\u00a0\u00bb hover_transition_delay=\u00a0\u00bb50ms\u00a0\u00bb title_font_size_tablet=\u00a0\u00bb\u00a0\u00bb title_font_size_phone=\u00a0\u00bb18px\u00a0\u00bb title_font_size_last_edited=\u00a0\u00bbon|phone\u00a0\u00bb global_colors_info=\u00a0\u00bb{}\u00a0\u00bb][\/et_pb_fullwidth_header][\/et_pb_section][et_pb_section fb_built=\u00a0\u00bb1&Prime; custom_padding_last_edited=\u00a0\u00bbon|phone\u00a0\u00bb admin_label=\u00a0\u00bbAbout Us\u00a0\u00bb _builder_version=\u00a0\u00bb4.16&Prime; custom_margin=\u00a0\u00bb||0px||false|false\u00a0\u00bb custom_padding=\u00a0\u00bb120px|0px||0px|false|false\u00a0\u00bb custom_padding_tablet=\u00a0\u00bb\u00a0\u00bb custom_padding_phone=\u00a0\u00bb13px|0px|0px|0px|false|false\u00a0\u00bb top_divider_style=\u00a0\u00bbmountains2&Prime; top_divider_color=\u00a0\u00bb#FFFFFF\u00a0\u00bb locked=\u00a0\u00bboff\u00a0\u00bb global_colors_info=\u00a0\u00bb{}\u00a0\u00bb][et_pb_row _builder_version=\u00a0\u00bb4.16&Prime; max_width=\u00a0\u00bb960px\u00a0\u00bb module_alignment=\u00a0\u00bbcenter\u00a0\u00bb use_custom_width=\u00a0\u00bbon\u00a0\u00bb custom_width_px=\u00a0\u00bb960px\u00a0\u00bb locked=\u00a0\u00bboff\u00a0\u00bb global_colors_info=\u00a0\u00bb{}\u00a0\u00bb][et_pb_column type=\u00a0\u00bb4_4&Prime; _builder_version=\u00a0\u00bb4.16&Prime; custom_padding=\u00a0\u00bb|||\u00a0\u00bb global_colors_info=\u00a0\u00bb{}\u00a0\u00bb custom_padding__hover=\u00a0\u00bb|||\u00a0\u00bb][et_pb_text admin_label=\u00a0\u00bbTitle\u00a0\u00bb _builder_version=\u00a0\u00bb4.16&Prime; text_font=\u00a0\u00bbLato||||||||\u00a0\u00bb text_font_size=\u00a0\u00bb19px\u00a0\u00bb text_line_height=\u00a0\u00bb1.5em\u00a0\u00bb header_font=\u00a0\u00bb||||||||\u00a0\u00bb header_2_font=\u00a0\u00bbTeko||||||||\u00a0\u00bb header_2_font_size=\u00a0\u00bb69px\u00a0\u00bb text_orientation=\u00a0\u00bbcenter\u00a0\u00bb max_width=\u00a0\u00bb750px\u00a0\u00bb module_alignment=\u00a0\u00bbcenter\u00a0\u00bb custom_margin=\u00a0\u00bb||0px||false|false\u00a0\u00bb custom_padding_tablet=\u00a0\u00bb\u00a0\u00bb custom_padding_phone=\u00a0\u00bb||0px||false|false\u00a0\u00bb custom_padding_last_edited=\u00a0\u00bbon|phone\u00a0\u00bb header_2_font_size_tablet=\u00a0\u00bb66px\u00a0\u00bb header_2_font_size_phone=\u00a0\u00bb30px\u00a0\u00bb header_2_font_size_last_edited=\u00a0\u00bbon|phone\u00a0\u00bb global_colors_info=\u00a0\u00bb{}\u00a0\u00bb]<\/p>\n<h2>Dispositions d&rsquo;application<\/h2>\n<p>&nbsp;<\/p>\n<p>[\/et_pb_text][\/et_pb_column][\/et_pb_row][\/et_pb_section][et_pb_section fb_built=\u00a0\u00bb1&Prime; custom_padding_last_edited=\u00a0\u00bbon|phone\u00a0\u00bb prev_background_color=\u00a0\u00bb#ffffff\u00a0\u00bb next_background_color=\u00a0\u00bbRGBA(0,0,0,0)\u00a0\u00bb admin_label=\u00a0\u00bbOur History\u00a0\u00bb _builder_version=\u00a0\u00bb4.16&Prime; background_color=\u00a0\u00bb#9b0017&Prime; background_enable_image=\u00a0\u00bboff\u00a0\u00bb custom_padding=\u00a0\u00bb180px||0px||false|false\u00a0\u00bb custom_padding_tablet=\u00a0\u00bb|||\u00a0\u00bb custom_padding_phone=\u00a0\u00bb100px|||\u00a0\u00bb top_divider_style=\u00a0\u00bbarrow\u00a0\u00bb top_divider_height_tablet=\u00a0\u00bb\u00a0\u00bb top_divider_height_phone=\u00a0\u00bb50px\u00a0\u00bb top_divider_height_last_edited=\u00a0\u00bbon|phone\u00a0\u00bb bottom_divider_style=\u00a0\u00bbarrow\u00a0\u00bb box_shadow_style=\u00a0\u00bbpreset7&Prime; box_shadow_horizontal=\u00a0\u00bb0px\u00a0\u00bb box_shadow_vertical=\u00a0\u00bb-150px\u00a0\u00bb box_shadow_color=\u00a0\u00bb#ffffff\u00a0\u00bb locked=\u00a0\u00bboff\u00a0\u00bb global_colors_info=\u00a0\u00bb{}\u00a0\u00bb][et_pb_row use_custom_gutter=\u00a0\u00bbon\u00a0\u00bb gutter_width=\u00a0\u00bb2&Prime; custom_padding_last_edited=\u00a0\u00bbon|phone\u00a0\u00bb _builder_version=\u00a0\u00bb4.16&Prime; background_color=\u00a0\u00bb#f7f7f7&Prime; width_tablet=\u00a0\u00bb90%\u00a0\u00bb width_phone=\u00a0\u00bb95%\u00a0\u00bb width_last_edited=\u00a0\u00bbon|tablet\u00a0\u00bb module_alignment=\u00a0\u00bbcenter\u00a0\u00bb custom_margin=\u00a0\u00bb0px|auto|200px|169px|false|false\u00a0\u00bb custom_padding=\u00a0\u00bb|2%|150px|2%|false|true\u00a0\u00bb custom_padding_tablet=\u00a0\u00bb\u00a0\u00bb custom_padding_phone=\u00a0\u00bb|2%||2%|false|true\u00a0\u00bb use_custom_width=\u00a0\u00bbon\u00a0\u00bb locked=\u00a0\u00bboff\u00a0\u00bb global_colors_info=\u00a0\u00bb{}\u00a0\u00bb][et_pb_column type=\u00a0\u00bb4_4&Prime; _builder_version=\u00a0\u00bb4.16&Prime; custom_padding=\u00a0\u00bb||||false|false\u00a0\u00bb border_style_right=\u00a0\u00bbdashed\u00a0\u00bb global_colors_info=\u00a0\u00bb{}\u00a0\u00bb custom_padding__hover=\u00a0\u00bb|||\u00a0\u00bb][et_pb_text admin_label=\u00a0\u00bbTitle\u00a0\u00bb _builder_version=\u00a0\u00bb4.16&Prime; text_font=\u00a0\u00bbLato||||||||\u00a0\u00bb text_font_size=\u00a0\u00bb15px\u00a0\u00bb text_line_height=\u00a0\u00bb1.4em\u00a0\u00bb ul_line_height=\u00a0\u00bb1.3em\u00a0\u00bb header_font=\u00a0\u00bbTeko||||||||\u00a0\u00bb header_text_color=\u00a0\u00bb#E02B20&Prime; header_font_size=\u00a0\u00bb52px\u00a0\u00bb header_2_font=\u00a0\u00bbTeko||||||||\u00a0\u00bb header_2_font_size=\u00a0\u00bb38px\u00a0\u00bb background_color=\u00a0\u00bb#f7f7f7&Prime; max_width=\u00a0\u00bb700px\u00a0\u00bb module_alignment=\u00a0\u00bbcenter\u00a0\u00bb custom_margin=\u00a0\u00bb||0px|\u00a0\u00bb text_font_size_tablet=\u00a0\u00bb14px\u00a0\u00bb text_font_size_phone=\u00a0\u00bb13px\u00a0\u00bb text_font_size_last_edited=\u00a0\u00bbon|phone\u00a0\u00bb header_font_size_tablet=\u00a0\u00bb40px\u00a0\u00bb header_font_size_phone=\u00a0\u00bb26px\u00a0\u00bb header_font_size_last_edited=\u00a0\u00bbon|phone\u00a0\u00bb header_2_font_size_tablet=\u00a0\u00bb29px\u00a0\u00bb header_2_font_size_phone=\u00a0\u00bb19px\u00a0\u00bb header_2_font_size_last_edited=\u00a0\u00bbon|phone\u00a0\u00bb header_3_font_size_tablet=\u00a0\u00bb\u00a0\u00bb header_3_font_size_phone=\u00a0\u00bb19px\u00a0\u00bb header_3_font_size_last_edited=\u00a0\u00bbon|phone\u00a0\u00bb global_colors_info=\u00a0\u00bb{}\u00a0\u00bb]<\/p>\n<h2>R\u00e8glement d&rsquo;ex\u00e9cution de la formation<br \/>(Suppl\u00e9ment de soumission)<\/h2>\n<p>&nbsp;<\/p>\n<p>&nbsp;<\/p>\n<p><strong>Exigences pour le conducteur\/v\u00e9hicule&nbsp;:<\/strong><\/p>\n<ul>\n<li>Le v\u00e9hicule doit \u00eatre dans un parfait \u00e9tat technique et \u00eatre homologu\u00e9 selon le code de la route.<\/li>\n<li> Une assurance responsabilit\u00e9 civile valide pour le v\u00e9hicule doit \u00eatre pr\u00e9sent\u00e9e au contr\u00f4le papier.<\/li>\n<li>Si le participant n&rsquo;est pas propri\u00e9taire du v\u00e9hicule, l&rsquo;organisateur a besoin de la d\u00e9claration de consentement du propri\u00e9taire du v\u00e9hicule.<\/li>\n<li>Chaque participant participe \u00e0 la formation \u00e0 ses risques et p\u00e9rils.<\/li>\n<li>L&rsquo;organisateur n&rsquo;assume aucune responsabilit\u00e9 pour les dommages corporels, les dommages mat\u00e9riels ou les pertes financi\u00e8res (m\u00eame pas pour les dommages mat\u00e9riels dans la zone de l&rsquo;hippodrome).<\/li>\n<li>L&rsquo;indemnisation des dommages n&rsquo;est pas accept\u00e9e.<\/li>\n<li>Les frais individuels (carburant, pneus, service technique, etc.), l&rsquo;h\u00e9bergement et les repas \u00e0 l&rsquo;exception des prestations ci-dessous ne sont pas inclus dans le prix participant.<\/li>\n<li>Le volume du v\u00e9hicule doit \u00eatre conforme aux r\u00e9glementations en mati\u00e8re de protection contre le bruit de N\u00fcrburgring 1927 GmbH. Cas normal : 98 + 2 DBA force de phon<\/li>\n<\/ul>\n<p>&nbsp;<\/p>\n<p><strong>Tarif formation :<\/strong><\/p>\n<p>Conducteur : 3.700,- EUR incl. T.V.A.<br \/>Passager : 490,- EUR incl. T.V.A.<\/p>\n<p>&nbsp;<\/p>\n<p><strong>Prestations Scuderia S7 :<\/strong><\/p>\n<ul>\n<li>Rendez-vous le premier soir incl. Briefing et d\u00eener<\/li>\n<li>D\u00eener ensemble le deuxi\u00e8me soir<\/li>\n<li>Mise \u00e0 disposition de la Nordschleife (2 jours) incl. S\u00e9curit\u00e9 d&rsquo;itin\u00e9raire, ambulance, voiture \u00e0 unit\u00e9 \u00e9lectronique, etc.<\/li>\n<li>Fourniture de techn. Assistance de base (entretien des pneus \/ freins, r\u00e9glages de la suspension)<\/li>\n<li>Fourniture de casques de protection (sur demande)<\/li>\n<li>Ex\u00e9cution de la formation par des instructeurs exp\u00e9riment\u00e9s<\/li>\n<li>Restauration de piste dans le paddock en journ\u00e9e<\/li>\n<li>Coaching personnel en petits groupes, conduite guid\u00e9e et formation intensive<\/li>\n<li>\n<\/li>\n<li>Assistance compl\u00e8te de la Scuderia S7 et de ses instructeurs<\/li>\n<li>Dossier d&rsquo;informations avec programme, num\u00e9ro de d\u00e9part, etc.<\/li>\n<li>Examen final avec remise des prix<\/li>\n<li>Prix du gagnant et du grand gagnant ainsi que des prix mat\u00e9riels de valeur<\/li>\n<\/ul>\n<p>&nbsp;<\/p>\n<p><strong>Conseils:<\/strong><\/p>\n<p>Les participants sont pri\u00e9s de trouver \u00e0 temps l&rsquo;h\u00e9bergement appropri\u00e9 pour la nuit. Vous trouverez par exemple des h\u00f4tels et des pensions sur <a href=\"http:\/\/www.nuerburg.de\/tourist-info\/deutsch\/hotels.php\">www.nuerburg.de\/tourist-info\/deutsch\/hotels.php<\/a> .<\/p>\n<p>Cependant, vous avez \u00e9galement la possibilit\u00e9 de r\u00e9server directement \u00e0 l&rsquo;h\u00f4tel Dorint (chambre simple 115, &#8211; EUR, code \u00ab\u00a0Scuderia S7\u00a0\u00bb) \u00e0 l&rsquo;hippodrome (T\u00e9l. +49 2691 &#8211; 309590. Courriel : <a href=\"mailto:janina.fraczek@dorint.com).\">janina.fraczek@dorint.com).<\/a> <\/p>\n<p>Il n&rsquo;est pas possible d&rsquo;am\u00e9nager une chambre directement via Scuderia S7 GmbH.<\/p>\n<p>Les termes et conditions de N\u00fcrburgring 1927 GmbH, 53520 N\u00fcrburg, s&rsquo;appliquent exclusivement.<\/p>\n<p>&nbsp;<\/p>\n<p>&nbsp;<\/p>\n<p>&nbsp;<\/p>\n<p>&nbsp;<\/p>\n<h3>DISPOSITIONS CONCERNANT L&rsquo;APPEL D&rsquo;OFFRES<\/h3>\n<p>&nbsp;<\/p>\n<p>&nbsp;<\/p>\n<p>1. Type d&rsquo;\u00e9v\u00e9nement<\/p>\n<p>Stage de s\u00e9curit\u00e9 sur circuit. L&rsquo;\u00e9v\u00e9nement sert \u00e0 pr\u00e9venir les accidents, \u00e0 am\u00e9liorer la s\u00e9curit\u00e9 routi\u00e8re et \u00e0 am\u00e9liorer la discipline de conduite. Atteindre des vitesses de pointe ne fait pas partie du parcours. Les courses ne sont pas autoris\u00e9es. Le StVO s&rsquo;applique.<\/p>\n<p>2. Objectif de l&rsquo;\u00e9v\u00e9nement<\/p>\n<p>Promotion de la sensibilisation \u00e0 la s\u00e9curit\u00e9, r\u00e9action correcte dans le trafic routier, en particulier dans les situations dangereuses, interaction s\u00fbre entre conducteur \/ voiture \/ rue \/ trafic, promotion de l&rsquo;\u00e9quit\u00e9 dans la vie quotidienne.<\/p>\n<p>3. Conditions de participation<\/p>\n<ul>\n<li>Peuvent participer au cours de s\u00e9curit\u00e9 de la Scuderia S7 GmbH :<\/li>\n<li>Titulaires d&rsquo;un permis de conduire valable en Europe qui les autorise \u00e0 conduire le v\u00e9hicule utilis\u00e9.<\/li>\n<li>Propri\u00e9taires de leurs propres v\u00e9hicules ou de tiers (approbation du propri\u00e9taire requise).<\/li>\n<li>V\u00e9hicules assur\u00e9s en responsabilit\u00e9 civile automobile et conformes au StVZO.<\/li>\n<li>Si l&rsquo;organisateur accepte des v\u00e9hicules non homologu\u00e9s pour les transports en commun, une preuve de la responsabilit\u00e9 d&rsquo;au moins un propri\u00e9taire devra \u00eatre apport\u00e9e avant le d\u00e9but du parcours.<\/li>\n<\/ul>\n<p>&nbsp;<\/p>\n<p>4. Assurance<\/p>\n<p>Les participants ne sont pas assur\u00e9s contre les risques li\u00e9s \u00e0 l&rsquo;\u00e9v\u00e9nement. Le cas \u00e9ch\u00e9ant, cela doit \u00eatre pr\u00e9cis\u00e9 par le participant aupr\u00e8s de sa compagnie d&rsquo;assurance (notamment assurance casco).<\/p>\n<p>5. Pr\u00e9cautions de s\u00e9curit\u00e9<\/p>\n<p>Les ceintures de s\u00e9curit\u00e9 et les casques de protection doivent \u00eatre port\u00e9s pendant la conduite. Les vitres et les cabriolets\/toits ouvrants doivent \u00eatre ferm\u00e9s. Les instructions des organisateurs, notamment des entra\u00eeneurs et instructeurs, doivent \u00eatre respect\u00e9es. En cas d&rsquo;infraction grave \u00e0 la discipline, l&rsquo;organisateur se r\u00e9serve le droit d&rsquo;exclusion. Les frais de participation ne seront pas rembours\u00e9s.<\/p>\n<p>6. Clause de non-responsabilit\u00e9<\/p>\n<p>Les pilotes et \u00e9ventuellement les copilotes s&rsquo;engagent \u00e0 signer la d\u00e9charge de responsabilit\u00e9 avant le d\u00e9but de l&rsquo;\u00e9preuve.<\/p>\n<p>7. Identification des v\u00e9hicules<\/p>\n<p>Avant le d\u00e9but de l&rsquo;\u00e9v\u00e9nement, chaque participant re\u00e7oit un num\u00e9ro de d\u00e9part et des autocollants de participant pour chaque v\u00e9hicule. Ceux-ci doivent \u00eatre retir\u00e9s \u00e0 nouveau imm\u00e9diatement apr\u00e8s l&rsquo;\u00e9v\u00e9nement.<\/p>\n<p>8. Changement d&rsquo;offre<\/p>\n<p>L&rsquo;organisateur n&rsquo;est pas responsable des dommages et int\u00e9r\u00eats pour toutes les modifications de l&rsquo;annonce ou l&rsquo;annulation de l&rsquo;\u00e9v\u00e9nement caus\u00e9es par un cas de force majeure ou pour des raisons de s\u00e9curit\u00e9 ou par les autorit\u00e9s et les propri\u00e9taires de pistes de course.<\/p>\n<p>9. Frais de participation et inscription<\/p>\n<p>Les frais de participation doivent \u00eatre r\u00e9gl\u00e9s lors de l&rsquo;inscription par \u00e9crit par ch\u00e8que barr\u00e9 ou virement bancaire.<\/p>\n<p>L&rsquo;inscription ne peut \u00eatre trait\u00e9e qu&rsquo;apr\u00e8s le paiement des frais de cours.<\/p>\n<p>Les frais de participation couvrent les frais suivants : location de la piste, restauration sur la piste, mat\u00e9riel de piste et d&rsquo;organisation, frais d&rsquo;instructeurs et d&rsquo;entra\u00eeneurs, frais g\u00e9n\u00e9raux Frais de personnel, toute ambulance et ambulanciers param\u00e9dicaux n\u00e9cessaires, frais g\u00e9n\u00e9raux Co\u00fbt de l&rsquo;\u00e9v\u00e9nement.<\/p>\n<p>Le nombre de participants est limit\u00e9. Veuillez vous inscrire sur le formulaire d&rsquo;inscription de l&rsquo;organisateur. Malheureusement, les formulaires d&rsquo;inscription incomplets ne peuvent pas \u00eatre trait\u00e9s. La bo\u00eete de r\u00e9ception d\u00e9cide de l&rsquo;ordre de traitement. Avec la signature sur le formulaire d&rsquo;inscription, le participant accepte les conditions de l&rsquo;organisateur.<\/p>\n<p>10. Annulations<\/p>\n<p>Jusqu&rsquo;au 30.04.2023 ou 02.08.2023, les frais d&rsquo;annulation s&rsquo;\u00e9l\u00e8vent \u00e0 1.850,- EUR pour le conducteur ou 250,- EUR pour le passager. En cas d&rsquo;annulation ult\u00e9rieure, l&rsquo;int\u00e9gralit\u00e9 des frais de participation sera conserv\u00e9e. Par mesure de pr\u00e9caution, nous recommandons aux participants de souscrire, le cas \u00e9ch\u00e9ant, une assurance annulation (non incluse dans les frais de formation).<\/p>\n<p>[\/et_pb_text][\/et_pb_column][\/et_pb_row][\/et_pb_section]<\/p>\n","protected":false},"excerpt":{"rendered":"<p>Dispositions d&rsquo;application &nbsp;R\u00e8glement d&rsquo;ex\u00e9cution de la formation(Suppl\u00e9ment de soumission) &nbsp; &nbsp; Exigences pour le conducteur\/v\u00e9hicule&nbsp;: Le v\u00e9hicule doit \u00eatre dans un parfait \u00e9tat technique et \u00eatre homologu\u00e9 selon le code de la route. Une assurance responsabilit\u00e9 civile valide pour le v\u00e9hicule doit \u00eatre pr\u00e9sent\u00e9e au contr\u00f4le papier. Si le participant n&rsquo;est pas propri\u00e9taire du v\u00e9hicule, l&rsquo;organisateur a besoin de la d\u00e9claration de consentement du propri\u00e9taire du v\u00e9hicule. Chaque participant participe \u00e0 la formation \u00e0 ses risques et p\u00e9rils. L&rsquo;organisateur n&rsquo;assume aucune responsabilit\u00e9 pour les dommages corporels, les dommages mat\u00e9riels ou les pertes financi\u00e8res (m\u00eame pas pour les dommages mat\u00e9riels dans la zone de l&rsquo;hippodrome). L&rsquo;indemnisation des dommages n&rsquo;est pas accept\u00e9e. Les frais individuels (carburant, pneus, service technique, etc.), l&rsquo;h\u00e9bergement et les repas \u00e0 l&rsquo;exception des prestations ci-dessous ne sont pas inclus dans le prix participant. Le volume du v\u00e9hicule doit \u00eatre conforme aux r\u00e9glementations en mati\u00e8re de protection contre le bruit de N\u00fcrburgring 1927 GmbH. Cas normal : 98 + 2 DBA force de phon &nbsp; Tarif formation : Conducteur : 3.700,- EUR incl. T.V.A.Passager : 490,- EUR incl. T.V.A. &nbsp; Prestations Scuderia S7 : Rendez-vous le premier soir incl. Briefing et d\u00eener D\u00eener ensemble le deuxi\u00e8me soir Mise \u00e0 [&hellip;]<\/p>\n","protected":false},"author":1,"featured_media":0,"parent":0,"menu_order":0,"comment_status":"closed","ping_status":"closed","template":"","meta":{"_acf_changed":false,"_et_pb_use_builder":"on","_et_pb_old_content":"","_et_gb_content_width":"","footnotes":""},"class_list":["post-2499","page","type-page","status-publish","hentry"],"acf":[],"yoast_head":"<!-- This site is optimized with the Yoast SEO plugin v24.2 - https:\/\/yoast.com\/wordpress\/plugins\/seo\/ -->\n<title>Agbs - Scuderia S7<\/title>\n<meta name=\"robots\" content=\"index, follow, max-snippet:-1, max-image-preview:large, max-video-preview:-1\" \/>\n<link rel=\"canonical\" href=\"https:\/\/scuderia-s7.com\/agbs\/\" \/>\n<meta property=\"og:locale\" content=\"fr_FR\" \/>\n<meta property=\"og:type\" content=\"article\" \/>\n<meta property=\"og:title\" content=\"Agbs - Scuderia S7\" \/>\n<meta property=\"og:description\" content=\"Dispositions d&#039;application &nbsp;R\u00e8glement d&#039;ex\u00e9cution de la formation(Suppl\u00e9ment de soumission) &nbsp; &nbsp; Exigences pour le conducteur\/v\u00e9hicule&nbsp;: Le v\u00e9hicule doit \u00eatre dans un parfait \u00e9tat technique et \u00eatre homologu\u00e9 selon le code de la route. Une assurance responsabilit\u00e9 civile valide pour le v\u00e9hicule doit \u00eatre pr\u00e9sent\u00e9e au contr\u00f4le papier. Si le participant n&#039;est pas propri\u00e9taire du v\u00e9hicule, l&#039;organisateur a besoin de la d\u00e9claration de consentement du propri\u00e9taire du v\u00e9hicule. Chaque participant participe \u00e0 la formation \u00e0 ses risques et p\u00e9rils. L&#039;organisateur n&#039;assume aucune responsabilit\u00e9 pour les dommages corporels, les dommages mat\u00e9riels ou les pertes financi\u00e8res (m\u00eame pas pour les dommages mat\u00e9riels dans la zone de l&#039;hippodrome). L&#039;indemnisation des dommages n&#039;est pas accept\u00e9e. Les frais individuels (carburant, pneus, service technique, etc.), l&#039;h\u00e9bergement et les repas \u00e0 l&#039;exception des prestations ci-dessous ne sont pas inclus dans le prix participant. Le volume du v\u00e9hicule doit \u00eatre conforme aux r\u00e9glementations en mati\u00e8re de protection contre le bruit de N\u00fcrburgring 1927 GmbH. Cas normal : 98 + 2 DBA force de phon &nbsp; Tarif formation : Conducteur : 3.700,- EUR incl. T.V.A.Passager : 490,- EUR incl. T.V.A. &nbsp; Prestations Scuderia S7 : Rendez-vous le premier soir incl. Briefing et d\u00eener D\u00eener ensemble le deuxi\u00e8me soir Mise \u00e0 [&hellip;]\" \/>\n<meta property=\"og:site_name\" content=\"Scuderia S7\" \/>\n<meta property=\"article:modified_time\" content=\"2022-12-19T16:45:08+00:00\" \/>\n<meta name=\"twitter:card\" content=\"summary_large_image\" \/>\n<meta name=\"twitter:label1\" content=\"Dur\u00e9e de lecture estim\u00e9e\" \/>\n\t<meta name=\"twitter:data1\" content=\"8 minutes\" \/>\n<script type=\"application\/ld+json\" class=\"yoast-schema-graph\">{\"@context\":\"https:\/\/schema.org\",\"@graph\":[{\"@type\":\"WebPage\",\"@id\":\"https:\/\/scuderia-s7.com\/agbs\/\",\"url\":\"https:\/\/scuderia-s7.com\/agbs\/\",\"name\":\"Agbs - Scuderia S7\",\"isPartOf\":{\"@id\":\"https:\/\/scuderia-s7.com\/#website\"},\"datePublished\":\"2022-01-04T13:41:42+00:00\",\"dateModified\":\"2022-12-19T16:45:08+00:00\",\"breadcrumb\":{\"@id\":\"https:\/\/scuderia-s7.com\/agbs\/#breadcrumb\"},\"inLanguage\":\"fr-FR\",\"potentialAction\":[{\"@type\":\"ReadAction\",\"target\":[\"https:\/\/scuderia-s7.com\/agbs\/\"]}]},{\"@type\":\"BreadcrumbList\",\"@id\":\"https:\/\/scuderia-s7.com\/agbs\/#breadcrumb\",\"itemListElement\":[{\"@type\":\"ListItem\",\"position\":1,\"name\":\"Startseite\",\"item\":\"https:\/\/scuderia-s7.com\/\"},{\"@type\":\"ListItem\",\"position\":2,\"name\":\"Agbs\"}]},{\"@type\":\"WebSite\",\"@id\":\"https:\/\/scuderia-s7.com\/#website\",\"url\":\"https:\/\/scuderia-s7.com\/\",\"name\":\"Scuderia S7\",\"description\":\"Sportfahrerlehrgang auf der Nordschleife des N\u00fcrburgringes\",\"potentialAction\":[{\"@type\":\"SearchAction\",\"target\":{\"@type\":\"EntryPoint\",\"urlTemplate\":\"https:\/\/scuderia-s7.com\/?s={search_term_string}\"},\"query-input\":{\"@type\":\"PropertyValueSpecification\",\"valueRequired\":true,\"valueName\":\"search_term_string\"}}],\"inLanguage\":\"fr-FR\"}]}<\/script>\n<!-- \/ Yoast SEO plugin. -->","yoast_head_json":{"title":"Agbs - Scuderia S7","robots":{"index":"index","follow":"follow","max-snippet":"max-snippet:-1","max-image-preview":"max-image-preview:large","max-video-preview":"max-video-preview:-1"},"canonical":"https:\/\/scuderia-s7.com\/agbs\/","og_locale":"fr_FR","og_type":"article","og_title":"Agbs - Scuderia S7","og_description":"Dispositions d'application &nbsp;R\u00e8glement d'ex\u00e9cution de la formation(Suppl\u00e9ment de soumission) &nbsp; &nbsp; Exigences pour le conducteur\/v\u00e9hicule&nbsp;: Le v\u00e9hicule doit \u00eatre dans un parfait \u00e9tat technique et \u00eatre homologu\u00e9 selon le code de la route. Une assurance responsabilit\u00e9 civile valide pour le v\u00e9hicule doit \u00eatre pr\u00e9sent\u00e9e au contr\u00f4le papier. Si le participant n'est pas propri\u00e9taire du v\u00e9hicule, l'organisateur a besoin de la d\u00e9claration de consentement du propri\u00e9taire du v\u00e9hicule. Chaque participant participe \u00e0 la formation \u00e0 ses risques et p\u00e9rils. L'organisateur n'assume aucune responsabilit\u00e9 pour les dommages corporels, les dommages mat\u00e9riels ou les pertes financi\u00e8res (m\u00eame pas pour les dommages mat\u00e9riels dans la zone de l'hippodrome). L'indemnisation des dommages n'est pas accept\u00e9e. Les frais individuels (carburant, pneus, service technique, etc.), l'h\u00e9bergement et les repas \u00e0 l'exception des prestations ci-dessous ne sont pas inclus dans le prix participant. Le volume du v\u00e9hicule doit \u00eatre conforme aux r\u00e9glementations en mati\u00e8re de protection contre le bruit de N\u00fcrburgring 1927 GmbH. Cas normal : 98 + 2 DBA force de phon &nbsp; Tarif formation : Conducteur : 3.700,- EUR incl. T.V.A.Passager : 490,- EUR incl. T.V.A. &nbsp; Prestations Scuderia S7 : Rendez-vous le premier soir incl. Briefing et d\u00eener D\u00eener ensemble le deuxi\u00e8me soir Mise \u00e0 [&hellip;]","og_site_name":"Scuderia S7","article_modified_time":"2022-12-19T16:45:08+00:00","twitter_card":"summary_large_image","twitter_misc":{"Dur\u00e9e de lecture estim\u00e9e":"8 minutes"},"schema":{"@context":"https:\/\/schema.org","@graph":[{"@type":"WebPage","@id":"https:\/\/scuderia-s7.com\/agbs\/","url":"https:\/\/scuderia-s7.com\/agbs\/","name":"Agbs - Scuderia S7","isPartOf":{"@id":"https:\/\/scuderia-s7.com\/#website"},"datePublished":"2022-01-04T13:41:42+00:00","dateModified":"2022-12-19T16:45:08+00:00","breadcrumb":{"@id":"https:\/\/scuderia-s7.com\/agbs\/#breadcrumb"},"inLanguage":"fr-FR","potentialAction":[{"@type":"ReadAction","target":["https:\/\/scuderia-s7.com\/agbs\/"]}]},{"@type":"BreadcrumbList","@id":"https:\/\/scuderia-s7.com\/agbs\/#breadcrumb","itemListElement":[{"@type":"ListItem","position":1,"name":"Startseite","item":"https:\/\/scuderia-s7.com\/"},{"@type":"ListItem","position":2,"name":"Agbs"}]},{"@type":"WebSite","@id":"https:\/\/scuderia-s7.com\/#website","url":"https:\/\/scuderia-s7.com\/","name":"Scuderia S7","description":"Sportfahrerlehrgang auf der Nordschleife des N\u00fcrburgringes","potentialAction":[{"@type":"SearchAction","target":{"@type":"EntryPoint","urlTemplate":"https:\/\/scuderia-s7.com\/?s={search_term_string}"},"query-input":{"@type":"PropertyValueSpecification","valueRequired":true,"valueName":"search_term_string"}}],"inLanguage":"fr-FR"}]}},"_links":{"self":[{"href":"https:\/\/scuderia-s7.com\/fr\/wp-json\/wp\/v2\/pages\/2499","targetHints":{"allow":["GET"]}}],"collection":[{"href":"https:\/\/scuderia-s7.com\/fr\/wp-json\/wp\/v2\/pages"}],"about":[{"href":"https:\/\/scuderia-s7.com\/fr\/wp-json\/wp\/v2\/types\/page"}],"author":[{"embeddable":true,"href":"https:\/\/scuderia-s7.com\/fr\/wp-json\/wp\/v2\/users\/1"}],"replies":[{"embeddable":true,"href":"https:\/\/scuderia-s7.com\/fr\/wp-json\/wp\/v2\/comments?post=2499"}],"version-history":[{"count":7,"href":"https:\/\/scuderia-s7.com\/fr\/wp-json\/wp\/v2\/pages\/2499\/revisions"}],"predecessor-version":[{"id":5456,"href":"https:\/\/scuderia-s7.com\/fr\/wp-json\/wp\/v2\/pages\/2499\/revisions\/5456"}],"wp:attachment":[{"href":"https:\/\/scuderia-s7.com\/fr\/wp-json\/wp\/v2\/media?parent=2499"}],"curies":[{"name":"wp","href":"https:\/\/api.w.org\/{rel}","templated":true}]}}