{"id":9287,"date":"2023-12-13T08:02:30","date_gmt":"2023-12-13T08:02:30","guid":{"rendered":"https:\/\/scuderia-s7.com\/prix\/"},"modified":"2025-12-13T13:16:26","modified_gmt":"2025-12-13T13:16:26","slug":"prix","status":"publish","type":"page","link":"https:\/\/scuderia-s7.com\/fr\/prix\/","title":{"rendered":"Prix"},"content":{"rendered":"<p>[et_pb_section fb_built=\u00a0\u00bb1&Prime; fullwidth=\u00a0\u00bbon\u00a0\u00bb _builder_version=\u00a0\u00bb4.16&Prime; _module_preset=\u00a0\u00bbdefault\u00a0\u00bb custom_margin=\u00a0\u00bb-35px||||false|false\u00a0\u00bb custom_margin_tablet=\u00a0\u00bb\u00a0\u00bb custom_margin_phone=\u00a0\u00bb-200px||||false|false\u00a0\u00bb custom_margin_last_edited=\u00a0\u00bbon|phone\u00a0\u00bb bottom_divider_style=\u00a0\u00bbasymmetric2&Prime; bottom_divider_color=\u00a0\u00bb#FFFFFF\u00a0\u00bb bottom_divider_height=\u00a0\u00bb70px\u00a0\u00bb locked=\u00a0\u00bboff\u00a0\u00bb global_colors_info=\u00a0\u00bb{}\u00a0\u00bb][et_pb_fullwidth_header _builder_version=\u00a0\u00bb4.16&Prime; _module_preset=\u00a0\u00bbdefault\u00a0\u00bb title_font=\u00a0\u00bb||on|on|||||\u00a0\u00bb title_text_align=\u00a0\u00bbleft\u00a0\u00bb title_text_color=\u00a0\u00bb#000000&Prime; background_enable_color=\u00a0\u00bboff\u00a0\u00bb background_image=\u00a0\u00bbhttps:\/\/scuderia-s7.com\/wp-content\/uploads\/2021\/12\/20210902-SB35094-ScuderiaS7_Easy-Resize.com_.jpg\u00a0\u00bb min_height=\u00a0\u00bb500px\u00a0\u00bb custom_margin=\u00a0\u00bb||||false|false\u00a0\u00bb custom_margin_tablet=\u00a0\u00bb\u00a0\u00bb custom_margin_phone=\u00a0\u00bb||||false|false\u00a0\u00bb custom_margin_last_edited=\u00a0\u00bbon|phone\u00a0\u00bb custom_padding=\u00a0\u00bb||||false|false\u00a0\u00bb hover_transition_duration=\u00a0\u00bb700ms\u00a0\u00bb hover_transition_delay=\u00a0\u00bb50ms\u00a0\u00bb title_font_size_tablet=\u00a0\u00bb\u00a0\u00bb title_font_size_phone=\u00a0\u00bb18px\u00a0\u00bb title_font_size_last_edited=\u00a0\u00bbon|phone\u00a0\u00bb global_colors_info=\u00a0\u00bb{}\u00a0\u00bb][\/et_pb_fullwidth_header][\/et_pb_section][et_pb_section fb_built=\u00a0\u00bb1&Prime; custom_padding_last_edited=\u00a0\u00bbon|phone\u00a0\u00bb admin_label=\u00a0\u00bbAbout Us\u00a0\u00bb _builder_version=\u00a0\u00bb4.16&Prime; min_height=\u00a0\u00bb1410px\u00a0\u00bb custom_padding=\u00a0\u00bb120px|0px|47px|0px|false|false\u00a0\u00bb custom_padding_tablet=\u00a0\u00bb\u00a0\u00bb custom_padding_phone=\u00a0\u00bb16px|0px||0px|false|false\u00a0\u00bb top_divider_style=\u00a0\u00bbmountains2&Prime; top_divider_color=\u00a0\u00bb#FFFFFF\u00a0\u00bb locked=\u00a0\u00bboff\u00a0\u00bb global_colors_info=\u00a0\u00bb{}\u00a0\u00bb][et_pb_row _builder_version=\u00a0\u00bb4.16&Prime; max_width=\u00a0\u00bb960px\u00a0\u00bb module_alignment=\u00a0\u00bbcenter\u00a0\u00bb use_custom_width=\u00a0\u00bbon\u00a0\u00bb custom_width_px=\u00a0\u00bb960px\u00a0\u00bb locked=\u00a0\u00bboff\u00a0\u00bb global_colors_info=\u00a0\u00bb{}\u00a0\u00bb][et_pb_column type=\u00a0\u00bb4_4&Prime; _builder_version=\u00a0\u00bb4.16&Prime; custom_padding=\u00a0\u00bb|||\u00a0\u00bb global_colors_info=\u00a0\u00bb{}\u00a0\u00bb custom_padding__hover=\u00a0\u00bb|||\u00a0\u00bb][et_pb_pricing_tables header_background_color=\u00a0\u00bb#E02B20&Prime; featured_table_bullet_color=\u00a0\u00bb#000000&Prime; bullet_color=\u00a0\u00bb#000000&Prime; featured_table_price_color=\u00a0\u00bb#000000&Prime; _builder_version=\u00a0\u00bb4.27.4&Prime; _module_preset=\u00a0\u00bbdefault\u00a0\u00bb currency_frequency_text_color=\u00a0\u00bb#000000&Prime; price_text_color=\u00a0\u00bb#000000&Prime; body_text_color=\u00a0\u00bb#000000&Prime; header_font=\u00a0\u00bb|||on|||||\u00a0\u00bb header_font_size=\u00a0\u00bb44px\u00a0\u00bb body_font_size=\u00a0\u00bb17px\u00a0\u00bb custom_button=\u00a0\u00bbon\u00a0\u00bb button_text_size=\u00a0\u00bb19px\u00a0\u00bb button_text_color=\u00a0\u00bb#FFFFFF\u00a0\u00bb button_bg_color=\u00a0\u00bb#000000&Prime; button_font=\u00a0\u00bb|||on|||||\u00a0\u00bb button_use_icon=\u00a0\u00bboff\u00a0\u00bb button_alignment=\u00a0\u00bbcenter\u00a0\u00bb button_custom_margin=\u00a0\u00bb40px||||false|false\u00a0\u00bb hover_enabled=\u00a0\u00bb0&Prime; global_colors_info=\u00a0\u00bb{}\u00a0\u00bb sticky_enabled=\u00a0\u00bb0&Prime;][et_pb_pricing_table title=\u00a0\u00bbPrintemps\u00a0\u00bb subtitle=\u00a0\u00bb06 mai &#8211; 08 mai 2026&Prime; currency=\u00a0\u00bb\u20ac\u00a0\u00bb sum=\u00a0\u00bb3.850,-\u00a0\u00bb button_url=\u00a0\u00bb@ET-DC@eyJkeW5hbWljIjp0cnVlLCJjb250ZW50IjoicG9zdF9saW5rX3VybF9wYWdlIiwic2V0dGluZ3MiOnsicG9zdF9pZCI6IjIwNzgifX0=@\u00a0\u00bb button_text=\u00a0\u00bbReserve maintenant\u00a0\u00bb _builder_version=\u00a0\u00bb4.27.4&Prime; _dynamic_attributes=\u00a0\u00bbbutton_url\u00a0\u00bb _module_preset=\u00a0\u00bbdefault\u00a0\u00bb hover_enabled=\u00a0\u00bb0&Prime; global_colors_info=\u00a0\u00bb{}\u00a0\u00bb sticky_transition=\u00a0\u00bbon\u00a0\u00bb sticky_enabled=\u00a0\u00bb0&Prime;]<\/p>\n<p>Cours de conduite sportive international<\/p>\n<p>Briefing et souper en commun la veille du cours<\/p>\n<p>Souper en commun le deuxi\u00e8me soir avec discussions du v\u00e9cu<\/p>\n<p>7h de conduite libre (option personal coaching)<\/p>\n<p>2h30 de conduite guid\u00e9e dans des tours complets<\/p>\n<p>7h30 de conduite dans sections (longues sections avec guidage)<\/p>\n<p>Petits groupes (max. 16 participants) subdivis\u00e9 en sous-groupes de 8 participants<\/p>\n<p>Un instructeur par sous-groupe<\/p>\n<p>Examen final avec \u00e9valuation d\u00e9taill\u00e9e des r\u00e9sultats et remise des prix<\/p>\n<p><span style=\"color: #ff0000;\"><strong>Copilote \/ Accompagnant: + 495 \u20ac<\/strong><\/span><\/p>\n<p>[\/et_pb_pricing_table][et_pb_pricing_table title=\u00a0\u00bbAutomne\u00a0\u00bb subtitle=\u00a0\u00bb20 septembre &#8211; 22 septembre 2026&Prime; currency=\u00a0\u00bb\u20ac\u00a0\u00bb sum=\u00a0\u00bb3.850,-\u00a0\u00bb button_url=\u00a0\u00bb@ET-DC@eyJkeW5hbWljIjp0cnVlLCJjb250ZW50IjoicG9zdF9saW5rX3VybF9wYWdlIiwic2V0dGluZ3MiOnsicG9zdF9pZCI6IjIwNzgifX0=@\u00a0\u00bb button_text=\u00a0\u00bbReserve maintenant\u00a0\u00bb _builder_version=\u00a0\u00bb4.27.4&Prime; _dynamic_attributes=\u00a0\u00bbbutton_url\u00a0\u00bb _module_preset=\u00a0\u00bbdefault\u00a0\u00bb hover_enabled=\u00a0\u00bb0&Prime; global_colors_info=\u00a0\u00bb{}\u00a0\u00bb sticky_transition=\u00a0\u00bbon\u00a0\u00bb sticky_enabled=\u00a0\u00bb0&Prime;]<\/p>\n<p>Cours de conduite sportive international<\/p>\n<p>Briefing et souper en commun la veille du cours<\/p>\n<p>Souper en commun le deuxi\u00e8me soir avec discussions du v\u00e9cu<\/p>\n<p>7h de conduite libre (option personal coaching)<\/p>\n<p>7h30 de conduite guid\u00e9e dans des tours complets<\/p>\n<p>Un instructeur par sous-groupe<\/p>\n<p>Petits groupes (max. 16 participants) subdivis\u00e9 en sous-groupes de 8 participants<\/p>\n<p>Un instructeur par sous-groupe<\/p>\n<p>Examen final avec \u00e9valuation d\u00e9taill\u00e9e des r\u00e9sultats et remise des prix<\/p>\n<p><span style=\"color: #ff0000;\"><strong>Copilote \/ Accompagnant: + 495 \u20ac<\/strong><\/span><\/p>\n<p>[\/et_pb_pricing_table][\/et_pb_pricing_tables][\/et_pb_column][\/et_pb_row][\/et_pb_section][et_pb_section fb_built=\u00a0\u00bb1&Prime; custom_padding_last_edited=\u00a0\u00bbon|phone\u00a0\u00bb prev_background_color=\u00a0\u00bb#ffffff\u00a0\u00bb next_background_color=\u00a0\u00bbRGBA(0,0,0,0)\u00a0\u00bb admin_label=\u00a0\u00bbOur History\u00a0\u00bb _builder_version=\u00a0\u00bb4.16&Prime; background_color=\u00a0\u00bb#9b0017&Prime; background_enable_image=\u00a0\u00bboff\u00a0\u00bb custom_padding=\u00a0\u00bb180px||0px||false|false\u00a0\u00bb custom_padding_tablet=\u00a0\u00bb|||\u00a0\u00bb custom_padding_phone=\u00a0\u00bb100px|||\u00a0\u00bb top_divider_style=\u00a0\u00bbarrow\u00a0\u00bb top_divider_height_tablet=\u00a0\u00bb\u00a0\u00bb top_divider_height_phone=\u00a0\u00bb50px\u00a0\u00bb top_divider_height_last_edited=\u00a0\u00bbon|phone\u00a0\u00bb bottom_divider_style=\u00a0\u00bbarrow\u00a0\u00bb box_shadow_style=\u00a0\u00bbpreset7&Prime; box_shadow_horizontal=\u00a0\u00bb0px\u00a0\u00bb box_shadow_vertical=\u00a0\u00bb-150px\u00a0\u00bb box_shadow_color=\u00a0\u00bb#ffffff\u00a0\u00bb locked=\u00a0\u00bboff\u00a0\u00bb global_colors_info=\u00a0\u00bb{}\u00a0\u00bb][\/et_pb_section]<\/p>\n","protected":false},"excerpt":{"rendered":"<p>Cours de conduite sportive international Briefing et souper en commun la veille du cours Souper en commun le deuxi\u00e8me soir avec discussions du v\u00e9cu 7h de conduite libre (option personal coaching) 2h30 de conduite guid\u00e9e dans des tours complets 7h30 de conduite dans sections (longues sections avec guidage) Petits groupes (max. 16 participants) subdivis\u00e9 en sous-groupes de 8 participants Un instructeur par sous-groupe Examen final avec \u00e9valuation d\u00e9taill\u00e9e des r\u00e9sultats et remise des prix Copilote \/ Accompagnant: + 495 \u20acCours de conduite sportive international Briefing et souper en commun la veille du cours Souper en commun le deuxi\u00e8me soir avec discussions du v\u00e9cu 7h de conduite libre (option personal coaching) 7h30 de conduite guid\u00e9e dans des tours complets Un instructeur par sous-groupe Petits groupes (max. 16 participants) subdivis\u00e9 en sous-groupes de 8 participants Un instructeur par sous-groupe Examen final avec \u00e9valuation d\u00e9taill\u00e9e des r\u00e9sultats et remise des prix Copilote \/ Accompagnant: + 495 \u20ac<\/p>\n","protected":false},"author":2,"featured_media":0,"parent":0,"menu_order":0,"comment_status":"closed","ping_status":"closed","template":"","meta":{"_acf_changed":false,"_et_pb_use_builder":"on","_et_pb_old_content":"","_et_gb_content_width":"","footnotes":""},"class_list":["post-9287","page","type-page","status-publish","hentry"],"acf":[],"yoast_head":"<!-- This site is optimized with the Yoast SEO plugin v24.2 - https:\/\/yoast.com\/wordpress\/plugins\/seo\/ -->\n<title>Prix - Scuderia S7<\/title>\n<meta name=\"robots\" content=\"index, follow, max-snippet:-1, max-image-preview:large, max-video-preview:-1\" \/>\n<link rel=\"canonical\" href=\"https:\/\/scuderia-s7.com\/preise\/\" \/>\n<meta property=\"og:locale\" content=\"fr_FR\" \/>\n<meta property=\"og:type\" content=\"article\" \/>\n<meta property=\"og:title\" content=\"Prix - Scuderia S7\" \/>\n<meta property=\"og:description\" content=\"Cours de conduite sportive international Briefing et souper en commun la veille du cours Souper en commun le deuxi\u00e8me soir avec discussions du v\u00e9cu 7h de conduite libre (option personal coaching) 2h30 de conduite guid\u00e9e dans des tours complets 7h30 de conduite dans sections (longues sections avec guidage) Petits groupes (max. 16 participants) subdivis\u00e9 en sous-groupes de 8 participants Un instructeur par sous-groupe Examen final avec \u00e9valuation d\u00e9taill\u00e9e des r\u00e9sultats et remise des prix Copilote \/ Accompagnant: + 495 \u20acCours de conduite sportive international Briefing et souper en commun la veille du cours Souper en commun le deuxi\u00e8me soir avec discussions du v\u00e9cu 7h de conduite libre (option personal coaching) 7h30 de conduite guid\u00e9e dans des tours complets Un instructeur par sous-groupe Petits groupes (max. 16 participants) subdivis\u00e9 en sous-groupes de 8 participants Un instructeur par sous-groupe Examen final avec \u00e9valuation d\u00e9taill\u00e9e des r\u00e9sultats et remise des prix Copilote \/ Accompagnant: + 495 \u20ac\" \/>\n<meta property=\"og:site_name\" content=\"Scuderia S7\" \/>\n<meta property=\"article:modified_time\" content=\"2025-12-13T13:16:26+00:00\" \/>\n<meta name=\"twitter:card\" content=\"summary_large_image\" \/>\n<meta name=\"twitter:label1\" content=\"Dur\u00e9e de lecture estim\u00e9e\" \/>\n\t<meta name=\"twitter:data1\" content=\"3 minutes\" \/>\n<script type=\"application\/ld+json\" class=\"yoast-schema-graph\">{\"@context\":\"https:\/\/schema.org\",\"@graph\":[{\"@type\":\"WebPage\",\"@id\":\"https:\/\/scuderia-s7.com\/preise\/\",\"url\":\"https:\/\/scuderia-s7.com\/preise\/\",\"name\":\"Prix - Scuderia S7\",\"isPartOf\":{\"@id\":\"https:\/\/scuderia-s7.com\/#website\"},\"datePublished\":\"2023-12-13T08:02:30+00:00\",\"dateModified\":\"2025-12-13T13:16:26+00:00\",\"breadcrumb\":{\"@id\":\"https:\/\/scuderia-s7.com\/preise\/#breadcrumb\"},\"inLanguage\":\"fr-FR\",\"potentialAction\":[{\"@type\":\"ReadAction\",\"target\":[\"https:\/\/scuderia-s7.com\/preise\/\"]}]},{\"@type\":\"BreadcrumbList\",\"@id\":\"https:\/\/scuderia-s7.com\/preise\/#breadcrumb\",\"itemListElement\":[{\"@type\":\"ListItem\",\"position\":1,\"name\":\"Startseite\",\"item\":\"https:\/\/scuderia-s7.com\/\"},{\"@type\":\"ListItem\",\"position\":2,\"name\":\"Prix\"}]},{\"@type\":\"WebSite\",\"@id\":\"https:\/\/scuderia-s7.com\/#website\",\"url\":\"https:\/\/scuderia-s7.com\/\",\"name\":\"Scuderia S7\",\"description\":\"Sportfahrerlehrgang auf der Nordschleife des N\u00fcrburgringes\",\"potentialAction\":[{\"@type\":\"SearchAction\",\"target\":{\"@type\":\"EntryPoint\",\"urlTemplate\":\"https:\/\/scuderia-s7.com\/?s={search_term_string}\"},\"query-input\":{\"@type\":\"PropertyValueSpecification\",\"valueRequired\":true,\"valueName\":\"search_term_string\"}}],\"inLanguage\":\"fr-FR\"}]}<\/script>\n<!-- \/ Yoast SEO plugin. -->","yoast_head_json":{"title":"Prix - Scuderia S7","robots":{"index":"index","follow":"follow","max-snippet":"max-snippet:-1","max-image-preview":"max-image-preview:large","max-video-preview":"max-video-preview:-1"},"canonical":"https:\/\/scuderia-s7.com\/preise\/","og_locale":"fr_FR","og_type":"article","og_title":"Prix - Scuderia S7","og_description":"Cours de conduite sportive international Briefing et souper en commun la veille du cours Souper en commun le deuxi\u00e8me soir avec discussions du v\u00e9cu 7h de conduite libre (option personal coaching) 2h30 de conduite guid\u00e9e dans des tours complets 7h30 de conduite dans sections (longues sections avec guidage) Petits groupes (max. 16 participants) subdivis\u00e9 en sous-groupes de 8 participants Un instructeur par sous-groupe Examen final avec \u00e9valuation d\u00e9taill\u00e9e des r\u00e9sultats et remise des prix Copilote \/ Accompagnant: + 495 \u20acCours de conduite sportive international Briefing et souper en commun la veille du cours Souper en commun le deuxi\u00e8me soir avec discussions du v\u00e9cu 7h de conduite libre (option personal coaching) 7h30 de conduite guid\u00e9e dans des tours complets Un instructeur par sous-groupe Petits groupes (max. 16 participants) subdivis\u00e9 en sous-groupes de 8 participants Un instructeur par sous-groupe Examen final avec \u00e9valuation d\u00e9taill\u00e9e des r\u00e9sultats et remise des prix Copilote \/ Accompagnant: + 495 \u20ac","og_site_name":"Scuderia S7","article_modified_time":"2025-12-13T13:16:26+00:00","twitter_card":"summary_large_image","twitter_misc":{"Dur\u00e9e de lecture estim\u00e9e":"3 minutes"},"schema":{"@context":"https:\/\/schema.org","@graph":[{"@type":"WebPage","@id":"https:\/\/scuderia-s7.com\/preise\/","url":"https:\/\/scuderia-s7.com\/preise\/","name":"Prix - Scuderia S7","isPartOf":{"@id":"https:\/\/scuderia-s7.com\/#website"},"datePublished":"2023-12-13T08:02:30+00:00","dateModified":"2025-12-13T13:16:26+00:00","breadcrumb":{"@id":"https:\/\/scuderia-s7.com\/preise\/#breadcrumb"},"inLanguage":"fr-FR","potentialAction":[{"@type":"ReadAction","target":["https:\/\/scuderia-s7.com\/preise\/"]}]},{"@type":"BreadcrumbList","@id":"https:\/\/scuderia-s7.com\/preise\/#breadcrumb","itemListElement":[{"@type":"ListItem","position":1,"name":"Startseite","item":"https:\/\/scuderia-s7.com\/"},{"@type":"ListItem","position":2,"name":"Prix"}]},{"@type":"WebSite","@id":"https:\/\/scuderia-s7.com\/#website","url":"https:\/\/scuderia-s7.com\/","name":"Scuderia S7","description":"Sportfahrerlehrgang auf der Nordschleife des N\u00fcrburgringes","potentialAction":[{"@type":"SearchAction","target":{"@type":"EntryPoint","urlTemplate":"https:\/\/scuderia-s7.com\/?s={search_term_string}"},"query-input":{"@type":"PropertyValueSpecification","valueRequired":true,"valueName":"search_term_string"}}],"inLanguage":"fr-FR"}]}},"_links":{"self":[{"href":"https:\/\/scuderia-s7.com\/fr\/wp-json\/wp\/v2\/pages\/9287","targetHints":{"allow":["GET"]}}],"collection":[{"href":"https:\/\/scuderia-s7.com\/fr\/wp-json\/wp\/v2\/pages"}],"about":[{"href":"https:\/\/scuderia-s7.com\/fr\/wp-json\/wp\/v2\/types\/page"}],"author":[{"embeddable":true,"href":"https:\/\/scuderia-s7.com\/fr\/wp-json\/wp\/v2\/users\/2"}],"replies":[{"embeddable":true,"href":"https:\/\/scuderia-s7.com\/fr\/wp-json\/wp\/v2\/comments?post=9287"}],"version-history":[{"count":15,"href":"https:\/\/scuderia-s7.com\/fr\/wp-json\/wp\/v2\/pages\/9287\/revisions"}],"predecessor-version":[{"id":14299,"href":"https:\/\/scuderia-s7.com\/fr\/wp-json\/wp\/v2\/pages\/9287\/revisions\/14299"}],"wp:attachment":[{"href":"https:\/\/scuderia-s7.com\/fr\/wp-json\/wp\/v2\/media?parent=9287"}],"curies":[{"name":"wp","href":"https:\/\/api.w.org\/{rel}","templated":true}]}}